{"id":12915,"date":"2026-01-08T16:12:28","date_gmt":"2026-01-08T16:12:28","guid":{"rendered":"https:\/\/zerromax.si\/?page_id=12915"},"modified":"2026-01-08T16:14:08","modified_gmt":"2026-01-08T16:14:08","slug":"faq","status":"publish","type":"page","link":"https:\/\/zerromax.si\/en\/faq\/","title":{"rendered":"FAQ"},"content":{"rendered":"<div data-elementor-type=\"wp-page\" data-elementor-id=\"12915\" class=\"elementor elementor-12915\" data-elementor-post-type=\"page\">\n\t\t\t\t<div class=\"elementor-element elementor-element-2b9ef8f e-con-full e-flex e-con e-parent\" data-id=\"2b9ef8f\" data-element_type=\"container\">\n\t\t<div class=\"elementor-element elementor-element-bfdd584 e-flex e-con-boxed e-con e-child\" data-id=\"bfdd584\" data-element_type=\"container\">\n\t\t\t\t\t<div class=\"e-con-inner\">\n\t\t<div class=\"elementor-element elementor-element-9a520a1 e-con-full e-flex e-con e-child\" data-id=\"9a520a1\" data-element_type=\"container\">\n\t\t\t\t<div class=\"elementor-element elementor-element-82f09f4 elementor-widget__width-initial elementor-widget elementor-widget-kinsley-section-heading-two\" data-id=\"82f09f4\" data-element_type=\"widget\" data-widget_type=\"kinsley-section-heading-two.default\">\n\t\t\t\t<div class=\"elementor-widget-container\">\n\t\t\t\n\t\t\t\t<div class=\"knsl-subtitle-two knsl-mb-20\">\n\t\t\t<span >\n\t\t\t\tFAQ\t\t\t<\/span>\n\t\t<\/div>\n\t\t\t\t\t\t<h2 class=\"knsl-title-two knsl-mb-30\">\n\t\t\t<span >\n\t\t\t\tFrequently Asked Questions\t\t\t<\/span>\n\t\t<\/h2>\n\t\t\t\t\n\t\t\t\t<\/div>\n\t\t\t\t<\/div>\n\t\t\t\t<\/div>\n\t\t<div class=\"elementor-element elementor-element-b469bd5 e-con-full e-flex e-con e-child\" data-id=\"b469bd5\" data-element_type=\"container\">\n\t\t\t\t<div class=\"elementor-element elementor-element-4193a8e elementor-widget elementor-widget-kinsley-faq\" data-id=\"4193a8e\" data-element_type=\"widget\" data-widget_type=\"kinsley-faq.default\">\n\t\t\t\t<div class=\"elementor-widget-container\">\n\t\t\t\n\t\t<!-- faq -->\n                <div id=\"accordion\">\n\t\t                <div class=\"knsl-faq knsl-faq-two knsl-mb-60\" id=\"faq-31\">\n\t\t\t\t\n\n<div class=\"card\">\n\t<div class=\"card-header\" id=\"knsl-faqHeading-12907\">\n\t\t<div class=\"mb-0\">\n\t\t\t<h6 class=\"knsl-faq-title\" data-toggle=\"collapse\" data-target=\"#knsl-faqCollapse-12907\" data-aria-expanded=\"true\" data-aria-controls=\"knsl-faqCollapse-12907\">\n\t\t\t\t<span class=\"badge\">1<\/span>\n\t\t\t\tDo you offer the creation of project documentation?\t\t\t<\/h6>\n\t\t<\/div>\n\t<\/div>\n\t<div id=\"knsl-faqCollapse-12907\" class=\"collapse\" aria-labelledby=\"knsl-faqHeading-12907\" data-parent=\"#accordion\">\n\t\t<div class=\"knsl-card-body\">\n\t\t\t<p>In cooperation with authorized designers, we can provide project documentation to obtain the necessary permits in accordance with local legislation. Design and documentation are available as an additional service.<\/p>\t\t<\/div>\n\t<\/div>\n<\/div>\n\n\n<div class=\"card\">\n\t<div class=\"card-header\" id=\"knsl-faqHeading-12889\">\n\t\t<div class=\"mb-0\">\n\t\t\t<h6 class=\"knsl-faq-title\" data-toggle=\"collapse\" data-target=\"#knsl-faqCollapse-12889\" data-aria-expanded=\"true\" data-aria-controls=\"knsl-faqCollapse-12889\">\n\t\t\t\t<span class=\"badge\">2<\/span>\n\t\t\t\tWhat is included in the basic price?\t\t\t<\/h6>\n\t\t<\/div>\n\t<\/div>\n\t<div id=\"knsl-faqCollapse-12889\" class=\"collapse\" aria-labelledby=\"knsl-faqHeading-12889\" data-parent=\"#accordion\">\n\t\t<div class=\"knsl-card-body\">\n\t\t\t<p>The basic price usually includes:<br \/>\n\u2013 building construction<br \/>\n\u2013 thermal insulation<br \/>\n\u2013 exterior and interior wall coverings<br \/>\n\u2013 roof structure and covering<br \/>\n\u2013 windows and doors<br \/>\n\u2013 basic electrical and plumbing installations<\/p>\n<p>The exact range is always determined by the selected model.<\/p>\n\t\t<\/div>\n\t<\/div>\n<\/div>\n\n\n<div class=\"card\">\n\t<div class=\"card-header\" id=\"knsl-faqHeading-12890\">\n\t\t<div class=\"mb-0\">\n\t\t\t<h6 class=\"knsl-faq-title\" data-toggle=\"collapse\" data-target=\"#knsl-faqCollapse-12890\" data-aria-expanded=\"true\" data-aria-controls=\"knsl-faqCollapse-12890\">\n\t\t\t\t<span class=\"badge\">3<\/span>\n\t\t\t\tIs the facility suitable for year-round living?\t\t\t<\/h6>\n\t\t<\/div>\n\t<\/div>\n\t<div id=\"knsl-faqCollapse-12890\" class=\"collapse\" aria-labelledby=\"knsl-faqHeading-12890\" data-parent=\"#accordion\">\n\t\t<div class=\"knsl-card-body\">\n\t\t\t<p>All of our facilities can be adapted to allow year-round living, regardless of location and climatic conditions.<\/p>\n\t\t<\/div>\n\t<\/div>\n<\/div>\n\n\n<div class=\"card\">\n\t<div class=\"card-header\" id=\"knsl-faqHeading-12891\">\n\t\t<div class=\"mb-0\">\n\t\t\t<h6 class=\"knsl-faq-title\" data-toggle=\"collapse\" data-target=\"#knsl-faqCollapse-12891\" data-aria-expanded=\"true\" data-aria-controls=\"knsl-faqCollapse-12891\">\n\t\t\t\t<span class=\"badge\">4<\/span>\n\t\t\t\tWhat are the payment terms?\t\t\t<\/h6>\n\t\t<\/div>\n\t<\/div>\n\t<div id=\"knsl-faqCollapse-12891\" class=\"collapse\" aria-labelledby=\"knsl-faqHeading-12891\" data-parent=\"#accordion\">\n\t\t<div class=\"knsl-card-body\">\n\t\t\t<p>Payment is usually made in advance and in subsequent installments, by prior agreement.<\/p>\t\t<\/div>\n\t<\/div>\n<\/div>\n\n\n<div class=\"card\">\n\t<div class=\"card-header\" id=\"knsl-faqHeading-12892\">\n\t\t<div class=\"mb-0\">\n\t\t\t<h6 class=\"knsl-faq-title\" data-toggle=\"collapse\" data-target=\"#knsl-faqCollapse-12892\" data-aria-expanded=\"true\" data-aria-controls=\"knsl-faqCollapse-12892\">\n\t\t\t\t<span class=\"badge\">5<\/span>\n\t\t\t\tWhat is the height of the ceilings?\t\t\t<\/h6>\n\t\t<\/div>\n\t<\/div>\n\t<div id=\"knsl-faqCollapse-12892\" class=\"collapse\" aria-labelledby=\"knsl-faqHeading-12892\" data-parent=\"#accordion\">\n\t\t<div class=\"knsl-card-body\">\n\t\t\t<p>The average internal height is approximately 2.40 m, but may vary depending on the model.<\/p>\t\t<\/div>\n\t<\/div>\n<\/div>\n\n\n<div class=\"card\">\n\t<div class=\"card-header\" id=\"knsl-faqHeading-12893\">\n\t\t<div class=\"mb-0\">\n\t\t\t<h6 class=\"knsl-faq-title\" data-toggle=\"collapse\" data-target=\"#knsl-faqCollapse-12893\" data-aria-expanded=\"true\" data-aria-controls=\"knsl-faqCollapse-12893\">\n\t\t\t\t<span class=\"badge\">6<\/span>\n\t\t\t\tWhat materials are the objects made of?\t\t\t<\/h6>\n\t\t<\/div>\n\t<\/div>\n\t<div id=\"knsl-faqCollapse-12893\" class=\"collapse\" aria-labelledby=\"knsl-faqHeading-12893\" data-parent=\"#accordion\">\n\t\t<div class=\"knsl-card-body\">\n\t\t\t<p>We use high-quality and proven materials of European origin, including:<br \/>\u2013 KVH wooden profiles (wooden construction)<br \/>\u2013 Magnelis protected metal profiles (metal construction)<br \/>\u2013 thermal insulation<br \/>\u2013 OSB boards<br \/>\u2013 external and internal linings depending on the model<\/p>\t\t<\/div>\n\t<\/div>\n<\/div>\n\n\n<div class=\"card\">\n\t<div class=\"card-header\" id=\"knsl-faqHeading-12894\">\n\t\t<div class=\"mb-0\">\n\t\t\t<h6 class=\"knsl-faq-title\" data-toggle=\"collapse\" data-target=\"#knsl-faqCollapse-12894\" data-aria-expanded=\"true\" data-aria-controls=\"knsl-faqCollapse-12894\">\n\t\t\t\t<span class=\"badge\">7<\/span>\n\t\t\t\tWhat is the warranty?\t\t\t<\/h6>\n\t\t<\/div>\n\t<\/div>\n\t<div id=\"knsl-faqCollapse-12894\" class=\"collapse\" aria-labelledby=\"knsl-faqHeading-12894\" data-parent=\"#accordion\">\n\t\t<div class=\"knsl-card-body\">\n\t\t\t<p>The warranty depends on the type of building and the materials used. Details are determined upon the specific offer and selection of the building.<\/p>\t\t<\/div>\n\t<\/div>\n<\/div>\n\n\n<div class=\"card\">\n\t<div class=\"card-header\" id=\"knsl-faqHeading-12895\">\n\t\t<div class=\"mb-0\">\n\t\t\t<h6 class=\"knsl-faq-title\" data-toggle=\"collapse\" data-target=\"#knsl-faqCollapse-12895\" data-aria-expanded=\"true\" data-aria-controls=\"knsl-faqCollapse-12895\">\n\t\t\t\t<span class=\"badge\">8<\/span>\n\t\t\t\tDo I need a building permit?\t\t\t<\/h6>\n\t\t<\/div>\n\t<\/div>\n\t<div id=\"knsl-faqCollapse-12895\" class=\"collapse\" aria-labelledby=\"knsl-faqHeading-12895\" data-parent=\"#accordion\">\n\t\t<div class=\"knsl-card-body\">\n\t\t\t<p>In both Slovenia and Croatia, a building permit is generally required to construct a building.<br \/>We recommend that the conditions for a specific case be checked with the competent administrative authority or an authorized designer.<\/p>\t\t<\/div>\n\t<\/div>\n<\/div>\n\n\n<div class=\"card\">\n\t<div class=\"card-header\" id=\"knsl-faqHeading-9819\">\n\t\t<div class=\"mb-0\">\n\t\t\t<h6 class=\"knsl-faq-title\" data-toggle=\"collapse\" data-target=\"#knsl-faqCollapse-9819\" data-aria-expanded=\"true\" data-aria-controls=\"knsl-faqCollapse-9819\">\n\t\t\t\t<span class=\"badge\">9<\/span>\n\t\t\t\tWhat is the price of a house (model XX) with transportation and assembly?\t\t\t<\/h6>\n\t\t<\/div>\n\t<\/div>\n\t<div id=\"knsl-faqCollapse-9819\" class=\"collapse\" aria-labelledby=\"knsl-faqHeading-9819\" data-parent=\"#accordion\">\n\t\t<div class=\"knsl-card-body\">\n\t\t\t<p>The prices of individual models are approximate and serve as an informative starting point. The final price depends on the selected model, equipment, installation location and terrain characteristics.<\/p>\n<p>Starting prices (excluding VAT, transport and installation):<br \/>\n\u2013 Wood 36 \u2013 17.900 \u20ac\u00a0 + TAX<br \/>\n\u2013 Wood 50 \u2013 21.900 \u20ac + TAX<br \/>\n\u2013 WoodMax 80 \u2013 39.900 \u20ac + TAX<br \/>\n\u2013 Zen 30 \u2013 18.900 \u20ac + TAX<br \/>\n\u2013 Zen 44 \u2013 24.900 \u20ac + TAX<br \/>\n\u2013 Zen 66 \u2013 31.900 \u20ac + TAX<\/p>\n\t\t<\/div>\n\t<\/div>\n<\/div>\n\n\n<div class=\"card\">\n\t<div class=\"card-header\" id=\"knsl-faqHeading-9817\">\n\t\t<div class=\"mb-0\">\n\t\t\t<h6 class=\"knsl-faq-title\" data-toggle=\"collapse\" data-target=\"#knsl-faqCollapse-9817\" data-aria-expanded=\"true\" data-aria-controls=\"knsl-faqCollapse-9817\">\n\t\t\t\t<span class=\"badge\">10<\/span>\n\t\t\t\tAre the facilities permanent?\t\t\t<\/h6>\n\t\t<\/div>\n\t<\/div>\n\t<div id=\"knsl-faqCollapse-9817\" class=\"collapse\" aria-labelledby=\"knsl-faqHeading-9817\" data-parent=\"#accordion\">\n\t\t<div class=\"knsl-card-body\">\n\t\t\t<p>Buildings are designed as permanent structures. Their lifespan depends on how they are used, maintained and exposed to external influences.<\/p>\n\t\t<\/div>\n\t<\/div>\n<\/div>\n\n\n<div class=\"card\">\n\t<div class=\"card-header\" id=\"knsl-faqHeading-9815\">\n\t\t<div class=\"mb-0\">\n\t\t\t<h6 class=\"knsl-faq-title\" data-toggle=\"collapse\" data-target=\"#knsl-faqCollapse-9815\" data-aria-expanded=\"true\" data-aria-controls=\"knsl-faqCollapse-9815\">\n\t\t\t\t<span class=\"badge\">11<\/span>\n\t\t\t\tAre foundations necessary?\t\t\t<\/h6>\n\t\t<\/div>\n\t<\/div>\n\t<div id=\"knsl-faqCollapse-9815\" class=\"collapse\" aria-labelledby=\"knsl-faqHeading-9815\" data-parent=\"#accordion\">\n\t\t<div class=\"knsl-card-body\">\n\t\t\t<p>The need for foundations depends on the model, size of the building and its intended use. For smaller buildings, it is often possible to place them on a properly prepared and reinforced base, while for larger buildings, a foundation is required. The type and method of foundation are determined depending on the type of building, terrain and local conditions.<\/p>\n\t\t<\/div>\n\t<\/div>\n<\/div>\n\n\n<div class=\"card\">\n\t<div class=\"card-header\" id=\"knsl-faqHeading-705\">\n\t\t<div class=\"mb-0\">\n\t\t\t<h6 class=\"knsl-faq-title\" data-toggle=\"collapse\" data-target=\"#knsl-faqCollapse-705\" data-aria-expanded=\"true\" data-aria-controls=\"knsl-faqCollapse-705\">\n\t\t\t\t<span class=\"badge\">12<\/span>\n\t\t\t\tAre floor plans and 3D views available?\t\t\t<\/h6>\n\t\t<\/div>\n\t<\/div>\n\t<div id=\"knsl-faqCollapse-705\" class=\"collapse\" aria-labelledby=\"knsl-faqHeading-705\" data-parent=\"#accordion\">\n\t\t<div class=\"knsl-card-body\">\n\t\t\t<p>Yes. Floor plans and 3D views are available in the catalog and on the website. The views are for informational purposes only and may differ from the final design.<\/p>\t\t<\/div>\n\t<\/div>\n<\/div>\n\n\n<div class=\"card\">\n\t<div class=\"card-header\" id=\"knsl-faqHeading-703\">\n\t\t<div class=\"mb-0\">\n\t\t\t<h6 class=\"knsl-faq-title\" data-toggle=\"collapse\" data-target=\"#knsl-faqCollapse-703\" data-aria-expanded=\"true\" data-aria-controls=\"knsl-faqCollapse-703\">\n\t\t\t\t<span class=\"badge\">13<\/span>\n\t\t\t\tHow long does it take to make?\t\t\t<\/h6>\n\t\t<\/div>\n\t<\/div>\n\t<div id=\"knsl-faqCollapse-703\" class=\"collapse\" aria-labelledby=\"knsl-faqHeading-703\" data-parent=\"#accordion\">\n\t\t<div class=\"knsl-card-body\">\n\t\t\t<p>Production usually takes approximately 2-4 months from order confirmation. This timeframe is indicative and may change depending on production capacity, material supply, or other unforeseen circumstances.<\/p>\t\t<\/div>\n\t<\/div>\n<\/div>\n\n\n<div class=\"card\">\n\t<div class=\"card-header\" id=\"knsl-faqHeading-701\">\n\t\t<div class=\"mb-0\">\n\t\t\t<h6 class=\"knsl-faq-title\" data-toggle=\"collapse\" data-target=\"#knsl-faqCollapse-701\" data-aria-expanded=\"true\" data-aria-controls=\"knsl-faqCollapse-701\">\n\t\t\t\t<span class=\"badge\">14<\/span>\n\t\t\t\tDo you deliver to my city or country?\t\t\t<\/h6>\n\t\t<\/div>\n\t<\/div>\n\t<div id=\"knsl-faqCollapse-701\" class=\"collapse\" aria-labelledby=\"knsl-faqHeading-701\" data-parent=\"#accordion\">\n\t\t<div class=\"knsl-card-body\">\n\t\t\t<p>Delivery is possible in Slovenia and Croatia, and for other countries by arrangement.<\/p>\t\t<\/div>\n\t<\/div>\n<\/div>\n\n\n<div class=\"card\">\n\t<div class=\"card-header\" id=\"knsl-faqHeading-699\">\n\t\t<div class=\"mb-0\">\n\t\t\t<h6 class=\"knsl-faq-title\" data-toggle=\"collapse\" data-target=\"#knsl-faqCollapse-699\" data-aria-expanded=\"true\" data-aria-controls=\"knsl-faqCollapse-699\">\n\t\t\t\t<span class=\"badge\">15<\/span>\n\t\t\t\tIs it possible to see the house live?\t\t\t<\/h6>\n\t\t<\/div>\n\t<\/div>\n\t<div id=\"knsl-faqCollapse-699\" class=\"collapse\" aria-labelledby=\"knsl-faqHeading-699\" data-parent=\"#accordion\">\n\t\t<div class=\"knsl-card-body\">\n\t\t\t<p>By prior arrangement, it is possible to view exhibition models in production in Novo mesto. Tours of already installed facilities at customers' premises are not possible due to privacy concerns.<\/p>\t\t<\/div>\n\t<\/div>\n<\/div>\n            <\/div>\n\t\t\t        <\/div>\n\t\t        <!-- faq end -->\n\n\t\t\t\t<\/div>\n\t\t\t\t<\/div>\n\t\t\t\t<\/div>\n\t\t\t\t\t<\/div>\n\t\t\t\t<\/div>\n\t\t\t\t<\/div>\n\t\t\t\t<\/div>","protected":false},"excerpt":{"rendered":"<p>FAQ Pogosta vpra\u0161anja 1 Ali nudite projektiranje in dokumentacijo? V sodelovanju s poobla\u0161\u010denimi projektanti lahko zagotovimo projektno dokumentacijo za pridobitev&#8230; <span class=\"knsl-el-more\"><a href=\"https:\/\/zerromax.si\/en\/faq\/item\/what-is-lorem-ipsum\/\" class=\"knsl-btn\">Read more<span class=\"screen-reader-text\">Read more&nbsp;Ali si je mogo\u010de ogledati hi\u0161ico v \u017eivo?<\/span><\/a><\/span><\/p>","protected":false},"author":1,"featured_media":0,"parent":0,"menu_order":0,"comment_status":"closed","ping_status":"closed","template":"template-layout-builder.php","meta":{"_acf_changed":false,"_monsterinsights_skip_tracking":false,"_monsterinsights_sitenote_active":false,"_monsterinsights_sitenote_note":"","_monsterinsights_sitenote_category":0,"footnotes":""},"class_list":["post-12915","page","type-page","status-publish","hentry"],"acf":[],"yoast_head":"<!-- This site is optimized with the Yoast SEO Premium plugin v24.2 (Yoast SEO v27.0) - https:\/\/yoast.com\/product\/yoast-seo-premium-wordpress\/ -->\n<title>FAQ - ZerroMax<\/title>\n<meta name=\"robots\" content=\"index, follow, max-snippet:-1, max-image-preview:large, max-video-preview:-1\" \/>\n<link rel=\"canonical\" href=\"https:\/\/zerromax.si\/en\/faq\/\" \/>\n<meta property=\"og:locale\" content=\"en_US\" \/>\n<meta property=\"og:type\" content=\"article\" \/>\n<meta property=\"og:title\" content=\"FAQ\" \/>\n<meta property=\"og:description\" content=\"FAQ Pogosta vpra\u0161anja 1 Ali nudite projektiranje in dokumentacijo? V sodelovanju s poobla\u0161\u010denimi projektanti lahko zagotovimo projektno dokumentacijo za pridobitev... Read moreRead more&nbsp;Ali si je mogo\u010de ogledati hi\u0161ico v \u017eivo?\" \/>\n<meta property=\"og:url\" content=\"https:\/\/zerromax.si\/en\/faq\/\" \/>\n<meta property=\"og:site_name\" content=\"ZerroMax\" \/>\n<meta property=\"article:modified_time\" content=\"2026-01-08T16:14:08+00:00\" \/>\n<meta property=\"og:image\" content=\"https:\/\/zerromax.si\/wp-content\/uploads\/2025\/01\/cropped-Zerromax-favicon.jpg\" \/>\n\t<meta property=\"og:image:width\" content=\"512\" \/>\n\t<meta property=\"og:image:height\" content=\"512\" \/>\n\t<meta property=\"og:image:type\" content=\"image\/jpeg\" \/>\n<meta name=\"twitter:card\" content=\"summary_large_image\" \/>\n<meta name=\"twitter:label1\" content=\"Est. reading time\" \/>\n\t<meta name=\"twitter:data1\" content=\"3 minutes\" \/>\n<script type=\"application\/ld+json\" class=\"yoast-schema-graph\">{\"@context\":\"https:\/\/schema.org\",\"@graph\":[{\"@type\":\"WebPage\",\"@id\":\"https:\/\/zerromax.si\/faq\/\",\"url\":\"https:\/\/zerromax.si\/faq\/\",\"name\":\"FAQ - ZerroMax\",\"isPartOf\":{\"@id\":\"https:\/\/zerromax.si\/#website\"},\"datePublished\":\"2026-01-08T16:12:28+00:00\",\"dateModified\":\"2026-01-08T16:14:08+00:00\",\"breadcrumb\":{\"@id\":\"https:\/\/zerromax.si\/faq\/#breadcrumb\"},\"inLanguage\":\"en-US\",\"potentialAction\":[{\"@type\":\"ReadAction\",\"target\":[\"https:\/\/zerromax.si\/faq\/\"]}]},{\"@type\":\"BreadcrumbList\",\"@id\":\"https:\/\/zerromax.si\/faq\/#breadcrumb\",\"itemListElement\":[{\"@type\":\"ListItem\",\"position\":1,\"name\":\"Home\",\"item\":\"https:\/\/zerromax.si\/\"},{\"@type\":\"ListItem\",\"position\":2,\"name\":\"FAQ\"}]},{\"@type\":\"WebSite\",\"@id\":\"https:\/\/zerromax.si\/#website\",\"url\":\"https:\/\/zerromax.si\/\",\"name\":\"ZerroMax\",\"description\":\"Proizvajamo objekte: Hitro, kakovostno, prilagodljivo\",\"potentialAction\":[{\"@type\":\"SearchAction\",\"target\":{\"@type\":\"EntryPoint\",\"urlTemplate\":\"https:\/\/zerromax.si\/?s={search_term_string}\"},\"query-input\":{\"@type\":\"PropertyValueSpecification\",\"valueRequired\":true,\"valueName\":\"search_term_string\"}}],\"inLanguage\":\"en-US\"}]}<\/script>\n<!-- \/ Yoast SEO Premium plugin. -->","yoast_head_json":{"title":"FAQ - ZerroMax","robots":{"index":"index","follow":"follow","max-snippet":"max-snippet:-1","max-image-preview":"max-image-preview:large","max-video-preview":"max-video-preview:-1"},"canonical":"https:\/\/zerromax.si\/en\/faq\/","og_locale":"en_US","og_type":"article","og_title":"FAQ","og_description":"FAQ Pogosta vpra\u0161anja 1 Ali nudite projektiranje in dokumentacijo? V sodelovanju s poobla\u0161\u010denimi projektanti lahko zagotovimo projektno dokumentacijo za pridobitev... Read moreRead more&nbsp;Ali si je mogo\u010de ogledati hi\u0161ico v \u017eivo?","og_url":"https:\/\/zerromax.si\/en\/faq\/","og_site_name":"ZerroMax","article_modified_time":"2026-01-08T16:14:08+00:00","og_image":[{"width":512,"height":512,"url":"https:\/\/zerromax.si\/wp-content\/uploads\/2025\/01\/cropped-Zerromax-favicon.jpg","type":"image\/jpeg"}],"twitter_card":"summary_large_image","twitter_misc":{"Est. reading time":"3 minutes"},"schema":{"@context":"https:\/\/schema.org","@graph":[{"@type":"WebPage","@id":"https:\/\/zerromax.si\/faq\/","url":"https:\/\/zerromax.si\/faq\/","name":"FAQ - ZerroMax","isPartOf":{"@id":"https:\/\/zerromax.si\/#website"},"datePublished":"2026-01-08T16:12:28+00:00","dateModified":"2026-01-08T16:14:08+00:00","breadcrumb":{"@id":"https:\/\/zerromax.si\/faq\/#breadcrumb"},"inLanguage":"en-US","potentialAction":[{"@type":"ReadAction","target":["https:\/\/zerromax.si\/faq\/"]}]},{"@type":"BreadcrumbList","@id":"https:\/\/zerromax.si\/faq\/#breadcrumb","itemListElement":[{"@type":"ListItem","position":1,"name":"Home","item":"https:\/\/zerromax.si\/"},{"@type":"ListItem","position":2,"name":"FAQ"}]},{"@type":"WebSite","@id":"https:\/\/zerromax.si\/#website","url":"https:\/\/zerromax.si\/","name":"ZerroMax","description":"We manufacture buildings: Quickly, efficiently, flexibly","potentialAction":[{"@type":"SearchAction","target":{"@type":"EntryPoint","urlTemplate":"https:\/\/zerromax.si\/?s={search_term_string}"},"query-input":{"@type":"PropertyValueSpecification","valueRequired":true,"valueName":"search_term_string"}}],"inLanguage":"en-US"}]}},"_links":{"self":[{"href":"https:\/\/zerromax.si\/en\/wp-json\/wp\/v2\/pages\/12915","targetHints":{"allow":["GET"]}}],"collection":[{"href":"https:\/\/zerromax.si\/en\/wp-json\/wp\/v2\/pages"}],"about":[{"href":"https:\/\/zerromax.si\/en\/wp-json\/wp\/v2\/types\/page"}],"author":[{"embeddable":true,"href":"https:\/\/zerromax.si\/en\/wp-json\/wp\/v2\/users\/1"}],"replies":[{"embeddable":true,"href":"https:\/\/zerromax.si\/en\/wp-json\/wp\/v2\/comments?post=12915"}],"version-history":[{"count":7,"href":"https:\/\/zerromax.si\/en\/wp-json\/wp\/v2\/pages\/12915\/revisions"}],"predecessor-version":[{"id":12922,"href":"https:\/\/zerromax.si\/en\/wp-json\/wp\/v2\/pages\/12915\/revisions\/12922"}],"wp:attachment":[{"href":"https:\/\/zerromax.si\/en\/wp-json\/wp\/v2\/media?parent=12915"}],"curies":[{"name":"wp","href":"https:\/\/api.w.org\/{rel}","templated":true}]}}