{"id":10263,"date":"2024-12-17T14:02:04","date_gmt":"2024-12-17T14:02:04","guid":{"rendered":"https:\/\/zerromax.si\/?post_type=product&#038;p=10263"},"modified":"2026-01-23T20:08:15","modified_gmt":"2026-01-23T20:08:15","slug":"minimax-10m2-2","status":"publish","type":"product","link":"https:\/\/zerromax.si\/en\/product\/minimax-10m2-2\/","title":{"rendered":"MiniMax &#8211; 10m\u00b2"},"content":{"rendered":"<style>@media (min-width:769px){.isolation-image-margin-left{margin-left:200px;margin-bottom:10px!important}}<\/style>\n<div class=\"total-link-wrapper-single-product-desc\">\n<div class=\"link-wrapper-single-product-desc\"><a class=\"link-button-wrapper-desc\" href=\"#tlorisni-na\u010drt-desc-wrapper\">FLOOR PLAN<\/a><a class=\"link-button-wrapper-desc\" href=\"#tehni\u010dni-opis-desc-wrapper\">TECHNICAL DESCRIPTION<\/a><a class=\"link-button-wrapper-desc\" href=\"#katalog-desc-wrapper\">CATALOG<\/a><\/div>\n<div class=\"content-wrapper-single-product-desc\">\n<div id=\"tlorisni-na\u010drt-desc-wrapper\" class=\"desc-wrapper\"><img decoding=\"async\" class=\"alignnone tab-content-image tab-content-image-last wp-image-10873\" src=\"https:\/\/zerromax.si\/wp-content\/uploads\/2025\/01\/Mini_10_wM2_white_V2.png\" alt=\"\" \/><\/div>\n<div id=\"tehni\u010dni-opis-desc-wrapper\" class=\"desc-wrapper\">\n<h3>TECHNICAL DESCRIPTION<\/h3>\n<div class=\"desc-item-flex\">\n<p><strong>CONSTRUCTION<\/strong><\/p>\n<div class=\"inside-flex-content\">Made of certified KVH profiles, OSB structural boards, plywood structural boards, insulation. Option for upgrade to a construction made of lightweight metal profiles.<\/div>\n<\/div>\n<div class=\"desc-item-flex\">\n<p><strong>ENERGY EFFICIENCY<\/strong><\/p>\n<div class=\"inside-flex-content\">The minimum insulation thickness is 100mm for buildings primarily used during the summer season. For year-round buildings, we recommend a minimum of 200mm insulation. With 200mm insulation, we achieve an energy efficiency U-value of 0.174 W\/(m\u00b2K), and for passive houses, 0.15 W\/(m\u00b2K).<\/div>\n<\/div>\n<p><img fetchpriority=\"high\" decoding=\"async\" class=\"alignnone isolation-image-margin-left size-medium wp-image-9628\" src=\"https:\/\/zerromax.si\/wp-content\/uploads\/2025\/04\/New-presekk-2.png\" alt=\"\" width=\"600\" height=\"400\" \/><\/p>\n<div class=\"desc-item-flex desc-item-flex-last\">\n<div class=\"title-with-icon\"><strong>WARRANTY<\/strong><img decoding=\"async\" class=\"title-with-icon-img\" src=\"https:\/\/zerromax.si\/wp-content\/uploads\/2025\/01\/protection.png\" \/><\/div>\n<div class=\"inside-flex-content\">\n<p>Warranty periods for holiday homes:<\/p>\n<p>10-year structural warranty \u2013 for all buildings made of wooden structures (KVH profiles).<\/p>\n<p>15-year structural warranty \u2013 for all buildings made of wooden structures (KVH profiles) and substructures made of lightweight metal profiles Magnelis.<\/p>\n<p>30-year structural warranty \u2013 for all buildings made of lightweight metal structures Magnelis.<\/p>\n<\/div>\n<\/div>\n<\/div>\n<div id=\"katalog-desc-wrapper\" class=\"desc-wrapper\">\n<h3>CATALOG<\/h3>\n<div class=\"_3d-flip-book  fb3d-fullscreen-mode full-size\" data-id=\"12776\" data-mode=\"fullscreen\" data-title=\"false\" data-template=\"short-white-book-view\" data-lightbox=\"dark-shadow\" data-urlparam=\"fb3d-page\" data-page-n=\"0\" data-pdf=\"\" data-tax=\"null\" data-thumbnail=\"\" data-cols=\"3\" data-book-template=\"default\" data-trigger=\"\"><\/div><script type=\"text\/javascript\">window.FB3D_CLIENT_DATA = window.FB3D_CLIENT_DATA || [];FB3D_CLIENT_DATA.push('eyJwb3N0cyI6eyIxMjc3NiI6eyJJRCI6MTI3NzYsInRpdGxlIjoiTWluaU1heCAtIDEwbTIgLSBFTiIsInR5cGUiOiJwZGYiLCJyZWFkeV9mdW5jdGlvbiI6IiIsImJvb2tfc3R5bGUiOiJmbGF0IiwiYm9va190ZW1wbGF0ZSI6Im5vbmUiLCJvdXRsaW5lIjpbXSwiZGF0YSI6eyJwb3N0X0lEIjoiMTI3NzciLCJndWlkIjoiaHR0cHM6XC9cL3plcnJvbWF4LnNpXC93cC1jb250ZW50XC91cGxvYWRzXC8yMDI2XC8wMVwvTWluaU1heC0xMC1FTkctb3B0LnBkZiIsInBkZl9wYWdlcyI6IjEyIiwicGFnZXNfY3VzdG9taXphdGlvbiI6Im5vbmUifSwidGh1bWJuYWlsIjp7ImRhdGEiOnsicG9zdF9JRCI6IjAifSwidHlwZSI6ImF1dG8ifSwicHJvcHMiOnsiYmFja2dyb3VuZENvbG9yIjoiYXV0byIsImJhY2tncm91bmRJbWFnZSI6ImF1dG8iLCJiYWNrZ3JvdW5kU3R5bGUiOiJhdXRvIiwiaGlnaGxpZ2h0TGlua3MiOiJhdXRvIiwibGlnaHRpbmciOiJhdXRvIiwic2luZ2xlUGFnZU1vZGUiOiJhdXRvIiwiY2FjaGVkUGFnZXMiOiJhdXRvIiwicmVuZGVySW5hY3RpdmVQYWdlcyI6ImF1dG8iLCJyZW5kZXJJbmFjdGl2ZVBhZ2VzT25Nb2JpbGUiOiJhdXRvIiwicmVuZGVyV2hpbGVGbGlwcGluZyI6ImF1dG8iLCJwcmVsb2FkUGFnZXMiOiJhdXRvIiwiYXV0b1BsYXlEdXJhdGlvbiI6ImF1dG8iLCJydGwiOiJhdXRvIiwiaW50ZXJhY3RpdmVDb3JuZXJzIjoiYXV0byIsIm1heERlcHRoIjoiYXV0byIsInNoZWV0Ijp7InN0YXJ0VmVsb2NpdHkiOiJhdXRvIiwid2F2ZSI6ImF1dG8iLCJzaGFwZSI6ImF1dG8iLCJ3aWR0aFRleGVscyI6ImF1dG8iLCJjb2xvciI6ImF1dG8iLCJzaWRlIjoiYXV0byIsInN0cmV0Y2hJbWFnZXMiOiJhdXRvIiwiY29ybmVyRGV2aWF0aW9uIjoiYXV0byIsImZsZXhpYmlsaXR5IjoiYXV0byIsImZsZXhpYmxlQ29ybmVyIjoiYXV0byIsImJlbmRpbmciOiJhdXRvIiwiaGVpZ2h0VGV4ZWxzIjoiYXV0byJ9LCJjb3ZlciI6eyJ3YXZlIjoiYXV0byIsImNvbG9yIjoiYXV0byIsInNpZGUiOiJhdXRvIiwic3RyZXRjaEltYWdlcyI6ImF1dG8iLCJiaW5kZXJUZXh0dXJlIjoiYXV0byIsImRlcHRoIjoiYXV0byIsInBhZGRpbmciOiJhdXRvIiwic3RhcnRWZWxvY2l0eSI6ImF1dG8iLCJmbGV4aWJpbGl0eSI6ImF1dG8iLCJmbGV4aWJsZUNvcm5lciI6ImF1dG8iLCJiZW5kaW5nIjoiYXV0byIsIndpZHRoVGV4ZWxzIjoiYXV0byIsImhlaWdodFRleGVscyI6ImF1dG8iLCJtYXNzIjoiYXV0byIsInNoYXBlIjoiYXV0byJ9LCJwYWdlIjp7IndhdmUiOiJhdXRvIiwiY29sb3IiOiJhdXRvIiwic2lkZSI6ImF1dG8iLCJzdHJldGNoSW1hZ2VzIjoiYXV0byIsImRlcHRoIjoiYXV0byIsInN0YXJ0VmVsb2NpdHkiOiJhdXRvIiwiZmxleGliaWxpdHkiOiJhdXRvIiwiZmxleGlibGVDb3JuZXIiOiJhdXRvIiwiYmVuZGluZyI6ImF1dG8iLCJ3aWR0aFRleGVscyI6ImF1dG8iLCJoZWlnaHRUZXhlbHMiOiJhdXRvIiwibWFzcyI6ImF1dG8iLCJzaGFwZSI6ImF1dG8ifSwiaGVpZ2h0IjoiYXV0byIsIndpZHRoIjoiYXV0byIsImdyYXZpdHkiOiJhdXRvIiwicGFnZXNGb3JQcmVkaWN0aW5nIjoiYXV0byJ9LCJjb250cm9sUHJvcHMiOnsiYWN0aW9ucyI6eyJjbWRUb2MiOnsiZW5hYmxlZCI6ImF1dG8iLCJlbmFibGVkSW5OYXJyb3ciOiJhdXRvIiwiYWN0aXZlIjoiYXV0byIsImRlZmF1bHRUYWIiOiJhdXRvIn0sImNtZEF1dG9QbGF5Ijp7ImVuYWJsZWQiOiJhdXRvIiwiZW5hYmxlZEluTmFycm93IjoiYXV0byIsImFjdGl2ZSI6ImF1dG8ifSwiY21kU2F2ZSI6eyJlbmFibGVkIjoiYXV0byIsImVuYWJsZWRJbk5hcnJvdyI6ImF1dG8ifSwiY21kUHJpbnQiOnsiZW5hYmxlZCI6ImF1dG8iLCJlbmFibGVkSW5OYXJyb3ciOiJhdXRvIn0sImNtZFNpbmdsZVBhZ2UiOnsiZW5hYmxlZCI6ImF1dG8iLCJlbmFibGVkSW5OYXJyb3ciOiJhdXRvIiwiYWN0aXZlIjoiYXV0byIsImFjdGl2ZUZvck1vYmlsZSI6ImF1dG8ifSwid2lkVG9vbGJhciI6eyJlbmFibGVkIjoiYXV0byIsImVuYWJsZWRJbk5hcnJvdyI6ImF1dG8ifX19LCJhdXRvVGh1bWJuYWlsIjoiaHR0cHM6XC9cL3plcnJvbWF4LnNpXC93cC1jb250ZW50XC91cGxvYWRzXC8zZC1mbGlwLWJvb2tcL2F1dG8tdGh1bWJuYWlsc1wvMTI3NzYucG5nIiwicG9zdF9uYW1lIjoibWluaW1heC0xMG0yLWVuLTIiLCJwb3N0X3R5cGUiOiIzZC1mbGlwLWJvb2sifX0sInBhZ2VzIjpbXSwiZmlyc3RQYWdlcyI6W119');window.FB3D_CLIENT_LOCALE && FB3D_CLIENT_LOCALE.render && FB3D_CLIENT_LOCALE.render();<\/script>\n<\/div>\n<\/div>\n<\/div>","protected":false},"excerpt":{"rendered":"<table class=\"table-ad\">\n<tbody>\n<tr class=\"tr-ad\">\n<th class=\"th-ad\" colspan=\"2\">PROJECT INFORMATION<\/th>\n<\/tr>\n<tr class=\"tr-ad\">\n<th class=\"th-ad\">GROSS AREA<\/th>\n<td class=\"td-ad\">10m2<\/td>\n<\/tr>\n<tr class=\"tr-ad\">\n<th class=\"th-ad\">FLOOR AREA<\/th>\n<td class=\"td-ad\">10m2<\/td>\n<\/tr>\n<tr class=\"tr-ad\">\n<th class=\"th-ad\">WIDTH OF THE BUILDING<\/th>\n<td class=\"td-ad\">2,5m<\/td>\n<\/tr>\n<tr class=\"tr-ad\">\n<th class=\"th-ad\">LENGTH OF THE BUILDING<\/th>\n<td class=\"td-ad\">4m<\/td>\n<\/tr>\n<tr class=\"tr-ad\">\n<th class=\"th-ad\">ASPECT RATIO<\/th>\n<td class=\"td-ad\">1:1,60<\/td>\n<\/tr>\n<tr class=\"tr-ad\">\n<th class=\"th-ad\">Height of the structure<\/th>\n<td class=\"td-ad\">3,60m<\/td>\n<\/tr>\n<tr class=\"tr-ad\">\n<th class=\"th-ad\">ROOF SLOPE<\/th>\n<td class=\"td-ad\">35\u00b0<\/td>\n<\/tr>\n<\/tbody>\n<\/table>\n<div class=\"signature-container\">\n<div class=\"signature-box\"><label for=\"offer-number\">Offer number:<\/label><br \/>\n<input id=\"offer-number\" name=\"offer-number\" type=\"text\" placeholder=\"Enter offer number\" \/><\/div>\n<div class=\"signature-box\"><label for=\"customer-name\">Customer:<\/label><br \/>\n<input id=\"customer-name\" name=\"customer-name\" type=\"text\" placeholder=\"Enter full name\" \/><\/div>\n<div class=\"signature-box\"><label for=\"customer-address\">Address:<\/label><br \/>\n<input id=\"customer-address\" name=\"customer-address\" type=\"text\" placeholder=\"Enter address\" \/><\/div>\n<div class=\"signature-box\"><label for=\"customer-country\">Country:<\/label><br \/>\n<input id=\"customer-country\" name=\"customer-country\" type=\"text\" placeholder=\"Enter the country name\" \/><\/div>\n<div class=\"signature-box\"><label for=\"customer-contact\">Contact:<\/label><br \/>\n<input id=\"customer-contact\" name=\"customer-contact\" type=\"text\" placeholder=\"Enter contact\" \/><\/div>\n<\/div>\n<p><button class=\"print-button\">Print<\/button><\/p>\n<p><script>\n  function printPage() {\n    window.print(); \/\/ Otvoriti print dialog\n  }\n<\/script><\/p>\n<p><!-- Opis koji se koristi za proizvod - klasa .desc-to-move-ad mora biti roditelj sadrzaju --><\/p>\n<div class=\"desc-to-move-ad\">\n<h4 class=\"desc-to-move-ad-h4\">Price includes:<\/h4>\n<h5 class=\"desc-to-move-ad-h5\">Construction of a fully functional facility, which includes:<\/h5>\n<div class=\"desc-to-move-ad-ul\">\n<p class=\"desc-to-move-ad-li-p\">\u2022 Structure of the building, including partition walls and roof construction<\/p>\n<p class=\"desc-to-move-ad-li-p\">\u2022 Thermal insulation of the building structure (100 mm)<\/p>\n<p class=\"desc-to-move-ad-li-p\">\u2022 Structural cladding made of OSB moisture-resistant construction panels<\/p>\n<p class=\"desc-to-move-ad-li-p\">\u2022 Vapor barrier and vapor-permeable foils<\/p>\n<p class=\"desc-to-move-ad-li-p\">\u2022 Electrical installation, including switches, sockets, and lighting fixtures<\/p>\n<p class=\"desc-to-move-ad-li-p\">\u2022 Plumbing and sewage installation<\/p>\n<p class=\"desc-to-move-ad-li-p\">\u2022 Windows and doors, including handles<\/p>\n<p class=\"desc-to-move-ad-li-p\">\u2022 External PVC two-layer joinery - white color<\/p>\n<p class=\"desc-to-move-ad-li-p\">\u2022 External panel fa\u00e7ade cladding<\/p>\n<p class=\"desc-to-move-ad-li-p\">\u2022 Interior finishing decorative cladding<\/p>\n<p class=\"desc-to-move-ad-li-p\">\u2022 Floor and wall waterproof cladding (bathroom)<\/p>\n<p class=\"desc-to-move-ad-li-p\">\u2022 Vinyl flooring<\/p>\n<p class=\"desc-to-move-ad-li-p\">Roofing material<\/p>\n<p class=\"desc-to-move-ad-li-p\">\u2022 Gutter<\/p>\n<\/div>\n<\/div>","protected":false},"featured_media":10410,"comment_status":"open","ping_status":"closed","template":"","meta":{"_acf_changed":false,"_monsterinsights_skip_tracking":false,"_monsterinsights_sitenote_active":false,"_monsterinsights_sitenote_note":"","_monsterinsights_sitenote_category":0},"product_cat":[72],"product_tag":[],"class_list":{"0":"post-10263","1":"product","2":"type-product","3":"status-publish","4":"has-post-thumbnail","6":"product_cat-wood-hise","8":"first","9":"instock","10":"featured","11":"shipping-taxable","12":"purchasable","13":"product-type-simple"},"exclude_global_add_ons":false,"addons":[{"name":"Option for additional payment","type":"checkbox","position":0,"required":false,"title_format":"label","description_enable":true,"description":"For additional options and price calculation, select one or more boxes you want.","placeholder_enable":false,"placeholder":"","display":"select","restrictions_type":"any_text","adjust_price":false,"price":"","price_type":"flat_fee","restrictions":false,"min":0,"max":0,"options":[{"label":"default-0-value-dev","price":"","price_type":"flat_fee","image":0}],"id":1736500230},{"name":"Additional payment for construction","type":"checkbox","position":1,"required":false,"title_format":"label","description_enable":false,"description":"","placeholder_enable":false,"placeholder":"","display":"select","restrictions_type":"any_text","adjust_price":false,"price":"","price_type":"flat_fee","restrictions":false,"min":0,"max":0,"options":[{"label":"default-0-value-dev","price":"","price_type":"flat_fee","image":0},{"label":"Za 100% metalno konstrukcijo \/ Magnelis","price":"1690","price_type":"flat_fee","image":0},{"label":"Nadstre\u0161nica","price":"590","price_type":"flat_fee","image":0},{"label":"Metalno podkonstrukcijo iz Magnelis lahkih metalnih profilov","price":"890","price_type":"flat_fee","image":0}],"id":1736500947},{"name":"Additional payment for terrace","type":"checkbox","position":2,"required":false,"title_format":"label","description_enable":false,"description":"","placeholder_enable":false,"placeholder":"","display":"select","restrictions_type":"any_text","adjust_price":false,"price":"","price_type":"flat_fee","restrictions":false,"min":0,"max":0,"options":[{"label":"default-0-value-dev","price":"","price_type":"flat_fee","image":0},{"label":"Terasa z leseno oblogo (smreka)","price":"990","price_type":"flat_fee","image":0},{"label":"Terasa z leseno oblogo (wpc)","price":"1450","price_type":"flat_fee","image":0},{"label":"Terasa s leseno oblogo (tropski les)","price":"1850","price_type":"flat_fee","image":0}],"id":1736500948},{"name":"Additional payment for insulation and facade cladding","type":"checkbox","position":3,"required":false,"title_format":"label","description_enable":false,"description":"","placeholder_enable":false,"placeholder":"","display":"select","restrictions_type":"any_text","adjust_price":false,"price":"","price_type":"flat_fee","restrictions":false,"min":0,"max":0,"options":[{"label":"default-0-value-dev","price":"","price_type":"flat_fee","image":0},{"label":"Dodatna izolacija 100mm EPS","price":"980","price_type":"flat_fee","image":0},{"label":"Fasadna obloga Macesen","price":"2950","price_type":"flat_fee","image":0},{"label":"Kontaktna fasada omet 1.5mm","price":"1990","price_type":"flat_fee","image":0}],"id":1736500949},{"name":"Additional payment for interior wall cladding","type":"checkbox","position":4,"required":false,"title_format":"label","description_enable":false,"description":"","placeholder_enable":false,"placeholder":"","display":"select","restrictions_type":"any_text","adjust_price":false,"price":"","price_type":"flat_fee","restrictions":false,"min":0,"max":0,"options":[{"label":"default-0-value-dev","price":"","price_type":"flat_fee","image":0},{"label":"Stenska obloga iz mav\u010dnih plo\u0161\u010d z opleskom","price":"1490","price_type":"flat_fee","image":0}],"id":1736500950},{"name":"Surcharges for joinery:","type":"checkbox","position":5,"required":false,"title_format":"label","description_enable":false,"description":"","placeholder_enable":false,"placeholder":"","display":"select","restrictions_type":"any_text","adjust_price":false,"price":"","price_type":"flat_fee","restrictions":false,"min":0,"max":0,"options":[{"label":"default-0-value-dev","price":"","price_type":"flat_fee","image":0},{"label":"Zunanje PVC dvoslojno okno \u2013 antracitna barva","price":"490","price_type":"flat_fee","image":0},{"label":"Zunanje PVC troslojno okno \u2013 bela barva","price":"690","price_type":"flat_fee","image":0},{"label":"Zunanje PVC troslojno okno \u2013 antracitna barva","price":"980","price_type":"flat_fee","image":0}],"id":1760793269},{"name":"Additional payment for bathroom equipment","type":"checkbox","position":6,"required":false,"title_format":"label","description_enable":false,"description":"","placeholder_enable":false,"placeholder":"","display":"select","restrictions_type":"any_text","adjust_price":false,"price":"","price_type":"flat_fee","restrictions":false,"min":0,"max":0,"options":[{"label":"default-0-value-dev","price":"","price_type":"flat_fee","image":0},{"label":"Basic \u2013 umivalnik z omarico, wc, tu\u0161 kabina","price":"990","price_type":"flat_fee","image":0},{"label":"Premium \u2013 umivalnik z omarico, wc, walk in tu\u0161","price":"1890","price_type":"flat_fee","image":0}],"id":1736500952},{"name":"Additional payment for heating","type":"checkbox","position":7,"required":false,"title_format":"label","description_enable":false,"description":"","placeholder_enable":false,"placeholder":"","display":"select","restrictions_type":"any_text","adjust_price":false,"price":"","price_type":"flat_fee","restrictions":false,"min":0,"max":0,"options":[{"label":"default-0-value-dev","price":"","price_type":"flat_fee","image":0},{"label":"Klimatska naprava 2,6-3,5 kw","price":"990","price_type":"flat_fee","image":0},{"label":"Ogrevanje s IR paneli","price":"1190","price_type":"flat_fee","image":0},{"label":"Ogrevanje s elektro talnim ogrevanjem","price":"1290","price_type":"flat_fee","image":0},{"label":"Priprava za dimnik","price":"990","price_type":"flat_fee","image":0},{"label":"Dobava in Monta\u017ea dimnika inox","price":"1290","price_type":"flat_fee","image":0}],"id":1736500953},{"name":"The displayed prices are without VAT, while the delivery and installation cost depends on the location.","type":"heading","position":8,"required":false,"title_format":"label","description_enable":false,"description":"","placeholder_enable":false,"placeholder":"","display":"select","restrictions_type":"any_text","adjust_price":false,"price":"","price_type":"flat_fee","restrictions":false,"min":0,"max":0,"options":[],"id":1736500954},{"name":"Delivery and installation","type":"custom_price","position":9,"required":false,"title_format":"label","description_enable":false,"description":"","placeholder_enable":false,"placeholder":"","display":"select","restrictions_type":"any_text","adjust_price":false,"price":"","price_type":"quantity_based","restrictions":false,"min":0,"max":0,"options":[],"id":1738229512},{"name":"Additional items","type":"custom_text","position":10,"required":false,"title_format":"label","description_enable":false,"description":"","placeholder_enable":true,"placeholder":"Dolo\u010dite dodatne elemente","display":"select","restrictions_type":"any_text","adjust_price":false,"price":"","price_type":"flat_fee","restrictions":false,"min":0,"max":0,"options":[],"id":1741943414},{"name":"Additional items","type":"custom_price","position":11,"required":false,"title_format":"label","description_enable":false,"description":"","placeholder_enable":false,"placeholder":"","display":"select","restrictions_type":"any_text","adjust_price":false,"price":"","price_type":"quantity_based","restrictions":false,"min":0,"max":0,"options":[],"id":1741943433}],"acf":[],"yoast_head":"<!-- This site is optimized with the Yoast SEO Premium plugin v24.2 (Yoast SEO v27.0) - https:\/\/yoast.com\/product\/yoast-seo-premium-wordpress\/ -->\n<title>MiniMax - 10m\u00b2 - ZerroMax<\/title>\n<meta name=\"robots\" content=\"index, follow, max-snippet:-1, max-image-preview:large, max-video-preview:-1\" \/>\n<link rel=\"canonical\" href=\"https:\/\/zerromax.si\/en\/product\/minimax-10m2-2\/\" \/>\n<meta property=\"og:locale\" content=\"en_US\" \/>\n<meta property=\"og:type\" content=\"article\" \/>\n<meta property=\"og:title\" content=\"MiniMax - 10m\u00b2\" \/>\n<meta property=\"og:description\" content=\"INFORMACIJE O PROJEKTU   BRUTO POVR\u0160INA 10m2   TLORISNA POVR\u0160INA 10m2   \u0160IRINA OBJEKTA 2,5m   DOL\u017dINA OBJEKTA 4m   RAZMJERE STRANIC 1:1,60   VI\u0160INA OBJEKTA 3,60m   NAKLON STREHE 35\u00b0     \u0160tevilka ponudbe:  Kupec:  Naslov:  Dr\u017eava:  Kontakt:   Tiskanje      Cena vklju\u010duje: Izdelavo popolnoma funkcionalnega objekta, ki vklju\u010duje:  \u2022 Konstrukcijo objekta vklju\u010dno s predelnimi stenami in ostre\u0161jem \u2022 Toplotno izolacijo konstrukcije objekta (100mm) \u2022 Konstrukcijske obloge iz OSB vlagoodpornih konstrukcijskih plo\u0161\u010d \u2022 Paro zaporne in paro propustne folije \u2022 Elektro instalacijo vklju\u010dno s stikali, vti\u010dnicami in svetili \u2022 Vodovodno in kanalizacijsko instalacijo \u2022 Okna in vrata, vklju\u010dno s kljukami \u2022 Zunanje PVC dvoslojno pohi\u0161tvo \u2013 bela barva \u2022 Zunanjo panelno fasadno oblogo \u2022 Notranjo zaklju\u010dno decor oblogo \u2022 Talno in stensko vodoodporno oblogo (kopalnica) \u2022 Talno oblogo vinil \u2022 Stre\u0161no kritino \u2022 \u017dleb\" \/>\n<meta property=\"og:url\" content=\"https:\/\/zerromax.si\/en\/product\/minimax-10m2-2\/\" \/>\n<meta property=\"og:site_name\" content=\"ZerroMax\" \/>\n<meta property=\"article:modified_time\" content=\"2026-01-23T20:08:15+00:00\" \/>\n<meta property=\"og:image\" content=\"https:\/\/zerromax.si\/wp-content\/uploads\/2024\/12\/MiniMax-10m2-thumb-A-roof.png\" \/>\n\t<meta property=\"og:image:width\" content=\"1000\" \/>\n\t<meta property=\"og:image:height\" content=\"664\" \/>\n\t<meta property=\"og:image:type\" content=\"image\/png\" \/>\n<meta name=\"twitter:card\" content=\"summary_large_image\" \/>\n<meta name=\"twitter:label1\" content=\"Est. reading time\" \/>\n\t<meta name=\"twitter:data1\" content=\"2 minutes\" \/>\n<script type=\"application\/ld+json\" class=\"yoast-schema-graph\">{\"@context\":\"https:\/\/schema.org\",\"@graph\":[{\"@type\":\"WebPage\",\"@id\":\"https:\/\/zerromax.si\/product\/minimax-10m2-2\/\",\"url\":\"https:\/\/zerromax.si\/product\/minimax-10m2-2\/\",\"name\":\"MiniMax - 10m\u00b2 - ZerroMax\",\"isPartOf\":{\"@id\":\"https:\/\/zerromax.si\/#website\"},\"primaryImageOfPage\":{\"@id\":\"https:\/\/zerromax.si\/product\/minimax-10m2-2\/#primaryimage\"},\"image\":{\"@id\":\"https:\/\/zerromax.si\/product\/minimax-10m2-2\/#primaryimage\"},\"thumbnailUrl\":\"https:\/\/zerromax.si\/wp-content\/uploads\/2024\/12\/MiniMax-10m2-thumb-A-roof.png\",\"datePublished\":\"2024-12-17T14:02:04+00:00\",\"dateModified\":\"2026-01-23T20:08:15+00:00\",\"breadcrumb\":{\"@id\":\"https:\/\/zerromax.si\/product\/minimax-10m2-2\/#breadcrumb\"},\"inLanguage\":\"en-US\",\"potentialAction\":[{\"@type\":\"ReadAction\",\"target\":[\"https:\/\/zerromax.si\/product\/minimax-10m2-2\/\"]}]},{\"@type\":\"ImageObject\",\"inLanguage\":\"en-US\",\"@id\":\"https:\/\/zerromax.si\/product\/minimax-10m2-2\/#primaryimage\",\"url\":\"https:\/\/zerromax.si\/wp-content\/uploads\/2024\/12\/MiniMax-10m2-thumb-A-roof.png\",\"contentUrl\":\"https:\/\/zerromax.si\/wp-content\/uploads\/2024\/12\/MiniMax-10m2-thumb-A-roof.png\",\"width\":1000,\"height\":664},{\"@type\":\"BreadcrumbList\",\"@id\":\"https:\/\/zerromax.si\/product\/minimax-10m2-2\/#breadcrumb\",\"itemListElement\":[{\"@type\":\"ListItem\",\"position\":1,\"name\":\"Home\",\"item\":\"https:\/\/zerromax.si\/\"},{\"@type\":\"ListItem\",\"position\":2,\"name\":\"Izdelki\",\"item\":\"https:\/\/zerromax.si\/shop-2__trashed\/\"},{\"@type\":\"ListItem\",\"position\":3,\"name\":\"MiniMax &#8211; 10m\u00b2\"}]},{\"@type\":\"WebSite\",\"@id\":\"https:\/\/zerromax.si\/#website\",\"url\":\"https:\/\/zerromax.si\/\",\"name\":\"ZerroMax\",\"description\":\"Proizvajamo objekte: Hitro, kakovostno, prilagodljivo\",\"potentialAction\":[{\"@type\":\"SearchAction\",\"target\":{\"@type\":\"EntryPoint\",\"urlTemplate\":\"https:\/\/zerromax.si\/?s={search_term_string}\"},\"query-input\":{\"@type\":\"PropertyValueSpecification\",\"valueRequired\":true,\"valueName\":\"search_term_string\"}}],\"inLanguage\":\"en-US\"}]}<\/script>\n<!-- \/ Yoast SEO Premium plugin. -->","yoast_head_json":{"title":"MiniMax - 10m\u00b2 - ZerroMax","robots":{"index":"index","follow":"follow","max-snippet":"max-snippet:-1","max-image-preview":"max-image-preview:large","max-video-preview":"max-video-preview:-1"},"canonical":"https:\/\/zerromax.si\/en\/product\/minimax-10m2-2\/","og_locale":"en_US","og_type":"article","og_title":"MiniMax - 10m\u00b2","og_description":"INFORMACIJE O PROJEKTU   BRUTO POVR\u0160INA 10m2   TLORISNA POVR\u0160INA 10m2   \u0160IRINA OBJEKTA 2,5m   DOL\u017dINA OBJEKTA 4m   RAZMJERE STRANIC 1:1,60   VI\u0160INA OBJEKTA 3,60m   NAKLON STREHE 35\u00b0     \u0160tevilka ponudbe:  Kupec:  Naslov:  Dr\u017eava:  Kontakt:   Tiskanje      Cena vklju\u010duje: Izdelavo popolnoma funkcionalnega objekta, ki vklju\u010duje:  \u2022 Konstrukcijo objekta vklju\u010dno s predelnimi stenami in ostre\u0161jem \u2022 Toplotno izolacijo konstrukcije objekta (100mm) \u2022 Konstrukcijske obloge iz OSB vlagoodpornih konstrukcijskih plo\u0161\u010d \u2022 Paro zaporne in paro propustne folije \u2022 Elektro instalacijo vklju\u010dno s stikali, vti\u010dnicami in svetili \u2022 Vodovodno in kanalizacijsko instalacijo \u2022 Okna in vrata, vklju\u010dno s kljukami \u2022 Zunanje PVC dvoslojno pohi\u0161tvo \u2013 bela barva \u2022 Zunanjo panelno fasadno oblogo \u2022 Notranjo zaklju\u010dno decor oblogo \u2022 Talno in stensko vodoodporno oblogo (kopalnica) \u2022 Talno oblogo vinil \u2022 Stre\u0161no kritino \u2022 \u017dleb","og_url":"https:\/\/zerromax.si\/en\/product\/minimax-10m2-2\/","og_site_name":"ZerroMax","article_modified_time":"2026-01-23T20:08:15+00:00","og_image":[{"width":1000,"height":664,"url":"https:\/\/zerromax.si\/wp-content\/uploads\/2024\/12\/MiniMax-10m2-thumb-A-roof.png","type":"image\/png"}],"twitter_card":"summary_large_image","twitter_misc":{"Est. reading time":"2 minutes"},"schema":{"@context":"https:\/\/schema.org","@graph":[{"@type":"WebPage","@id":"https:\/\/zerromax.si\/product\/minimax-10m2-2\/","url":"https:\/\/zerromax.si\/product\/minimax-10m2-2\/","name":"MiniMax - 10m\u00b2 - ZerroMax","isPartOf":{"@id":"https:\/\/zerromax.si\/#website"},"primaryImageOfPage":{"@id":"https:\/\/zerromax.si\/product\/minimax-10m2-2\/#primaryimage"},"image":{"@id":"https:\/\/zerromax.si\/product\/minimax-10m2-2\/#primaryimage"},"thumbnailUrl":"https:\/\/zerromax.si\/wp-content\/uploads\/2024\/12\/MiniMax-10m2-thumb-A-roof.png","datePublished":"2024-12-17T14:02:04+00:00","dateModified":"2026-01-23T20:08:15+00:00","breadcrumb":{"@id":"https:\/\/zerromax.si\/product\/minimax-10m2-2\/#breadcrumb"},"inLanguage":"en-US","potentialAction":[{"@type":"ReadAction","target":["https:\/\/zerromax.si\/product\/minimax-10m2-2\/"]}]},{"@type":"ImageObject","inLanguage":"en-US","@id":"https:\/\/zerromax.si\/product\/minimax-10m2-2\/#primaryimage","url":"https:\/\/zerromax.si\/wp-content\/uploads\/2024\/12\/MiniMax-10m2-thumb-A-roof.png","contentUrl":"https:\/\/zerromax.si\/wp-content\/uploads\/2024\/12\/MiniMax-10m2-thumb-A-roof.png","width":1000,"height":664},{"@type":"BreadcrumbList","@id":"https:\/\/zerromax.si\/product\/minimax-10m2-2\/#breadcrumb","itemListElement":[{"@type":"ListItem","position":1,"name":"Home","item":"https:\/\/zerromax.si\/"},{"@type":"ListItem","position":2,"name":"Izdelki","item":"https:\/\/zerromax.si\/shop-2__trashed\/"},{"@type":"ListItem","position":3,"name":"MiniMax &#8211; 10m\u00b2"}]},{"@type":"WebSite","@id":"https:\/\/zerromax.si\/#website","url":"https:\/\/zerromax.si\/","name":"ZerroMax","description":"We manufacture buildings: Quickly, efficiently, flexibly","potentialAction":[{"@type":"SearchAction","target":{"@type":"EntryPoint","urlTemplate":"https:\/\/zerromax.si\/?s={search_term_string}"},"query-input":{"@type":"PropertyValueSpecification","valueRequired":true,"valueName":"search_term_string"}}],"inLanguage":"en-US"}]}},"_links":{"self":[{"href":"https:\/\/zerromax.si\/en\/wp-json\/wp\/v2\/product\/10263","targetHints":{"allow":["GET"]}}],"collection":[{"href":"https:\/\/zerromax.si\/en\/wp-json\/wp\/v2\/product"}],"about":[{"href":"https:\/\/zerromax.si\/en\/wp-json\/wp\/v2\/types\/product"}],"replies":[{"embeddable":true,"href":"https:\/\/zerromax.si\/en\/wp-json\/wp\/v2\/comments?post=10263"}],"wp:featuredmedia":[{"embeddable":true,"href":"https:\/\/zerromax.si\/en\/wp-json\/wp\/v2\/media\/10410"}],"wp:attachment":[{"href":"https:\/\/zerromax.si\/en\/wp-json\/wp\/v2\/media?parent=10263"}],"wp:term":[{"taxonomy":"product_cat","embeddable":true,"href":"https:\/\/zerromax.si\/en\/wp-json\/wp\/v2\/product_cat?post=10263"},{"taxonomy":"product_tag","embeddable":true,"href":"https:\/\/zerromax.si\/en\/wp-json\/wp\/v2\/product_tag?post=10263"}],"curies":[{"name":"wp","href":"https:\/\/api.w.org\/{rel}","templated":true}]}}