{"id":10875,"date":"2025-01-03T09:39:11","date_gmt":"2025-01-03T09:39:11","guid":{"rendered":"https:\/\/zerromax.si\/?post_type=product&#038;p=10875"},"modified":"2026-04-02T16:04:27","modified_gmt":"2026-04-02T14:04:27","slug":"hisa-120m2","status":"publish","type":"product","link":"https:\/\/zerromax.si\/en\/product\/hisa-120m2\/","title":{"rendered":"House \u2013 120m\u00b2"},"content":{"rendered":"<style>\n@media (min-width: 769px) { \/* Ovaj stil va\u017ei za ekrane ve\u0107e od mobilnih *\/<br \/>\n    .isolation-image-margin-left {<br \/>\n        margin-left: 200px;<br \/>\n        margin-bottom: 10px !important;<br \/>\n    }<br \/>\n}<br \/>\n<\/style>\n<div class=\"total-link-wrapper-single-product-desc\">\n<div class=\"link-wrapper-single-product-desc\"><a class=\"link-button-wrapper-desc\" href=\"#tlorisni-na\u010drt-desc-wrapper\">FLOOR PLAN<\/a><a class=\"link-button-wrapper-desc\" href=\"#tehni\u010dni-opis-desc-wrapper\">TECHNICAL DESCRIPTION<\/a><!--<a href=\"#katalog-desc-wrapper\" class=\"link-button-wrapper-desc\">KATALOG<\/a>--><\/div>\n<div class=\"content-wrapper-single-product-desc\">\n<div id=\"tlorisni-na\u010drt-desc-wrapper\" class=\"desc-wrapper\">\n<p><img decoding=\"async\" class=\"alignnone wp-image-10873 tab-content-image tab-content-image-last\" src=\"https:\/\/zerromax.si\/wp-content\/uploads\/2025\/01\/House_120_GF_wM2_white.png\" alt=\"\" \/><br \/>\n<img decoding=\"async\" class=\"alignnone wp-image-10873 tab-content-image tab-content-image-last\" src=\"https:\/\/zerromax.si\/wp-content\/uploads\/2025\/01\/House_\u00b8120_1F_wM2_white-1.png\" alt=\"\" \/><\/p>\n<\/div>\n<div id=\"tehni\u010dni-opis-desc-wrapper\" class=\"desc-wrapper\">\n<h3>TECHNICAL DESCRIPTION<\/h3>\n<div class=\"desc-item-flex\">\n<p><strong>CONSTRUCTION<\/strong><\/p>\n<div class=\"inside-flex-content\">The houses are made of a skeleton structure made of light metal profiles. The structure complies with the CE standard in accordance with EN 1990. The structure is designed in accordance with Eurocode 3 standard EN 1993. The structures are made of Magnelis steel with a 50-year warranty and a 90-year expected life. The basic profile is C150mm, the minimum total wall thickness is 320mm, the insulation is 270mm.<\/div>\n<\/div>\n<div class=\"desc-item-flex\">\n<p><strong>CONSTRUCTION<br>STAGES<\/strong><\/p>\n<div class=\"inside-flex-content\">\n<p>F2 \u2013 Rough construction<br \/>\n\u2022 Construction made of light metal profiles<br \/>\n\u2022 External structural panel<\/p>\n<p>F3 \u2013 Rough construction:<br \/>\nEverything from F2 +<br \/>\n\u2022 Secondary roofing<br \/>\n\u2022 Roof covering \/ Roofing material<br \/>\n\u2022 Rough electrical and plumbing installations (without switches, outlets)<br \/>\n\u2022 Rough underfloor heating installations (pipe network without heat pump)<br \/>\n\u2022 Wall insulation<br \/>\n\u2022 Structural cladding of interior walls<\/p>\n<p>F4 \u2013 Partial key<br \/>\nEverything from F3 +<br \/>\n\u2022 Facade (insulation, finishing layer)<br \/>\n\u2022 Final roofing and sheet metal works (gutters, flashings)<br \/>\n\u2022 Building furniture (windows, entrance doors)<br \/>\n\u2022 Rough electrical and plumbing installations (without switches, outlets)<br \/>\n\u2022 Rough underfloor heating installations (pipe network without heat pump)<br \/>\n\u2022 Interior wall cladding (e.g., plasterboard or wooden cladding)<br \/>\n\u2022 Screeds or prefabricated floors<br \/>\n\u2022 Shelves<\/p>\n<p>F5 \u2013 Key:<br \/>\nEverything from F4 +<br \/>\n\u2022 Fine installation of electrical systems (switches, outlets, lights, intercom)<br \/>\n\u2022 Fine installation of plumbing systems (pipes, WC, shower, sinks, boiler)<br \/>\n\u2022 Heating and cooling (heat pump, air conditioning, thermostats)<br \/>\n\u2022 Final floor treatment (parquet, ceramics, vinyl, finishing strips)<br \/>\n\u2022 Final treatment of walls and ceilings (painting, wallpaper)<br \/>\n\u2022 Installation of sanitary equipment<br \/>\n\u2022 Painting works<br \/>\n\u2022 Building ready for furnishing and occupancy<\/p>\n<\/div>\n<\/div>\n<div class=\"desc-item-flex\">\n<p><strong>ENERGY EFFICIENCY<\/strong><\/p>\n<div class=\"inside-flex-content\">The minimum insulation thickness is 270mm for residential buildings. With 270mm of insulation, we achieve energy efficiency with a U-value of 0.128 W\/(m\u00b2K) \u2013 A2 Passive version.<\/div>\n<\/div>\n<p><!--\n<img fetchpriority=\"high\" decoding=\"async\" class=\"alignnone size-medium wp-image-9628 isolation-image-margin-left\" src=\"https:\/\/zerromax.si\/wp-content\/uploads\/2024\/12\/New-presekk.png\" alt=\"\" width=\"600\" height=\"400\" \/> --><\/p>\n<div class=\"desc-item-flex desc-item-flex-last\">\n<div class=\"title-with-icon\"><strong>WARRANTY<\/strong><img decoding=\"async\" class=\"title-with-icon-img\" src=\"https:\/\/zerromax.si\/wp-content\/uploads\/2025\/01\/protection.png\" \/><\/div>\n<div class=\"inside-flex-content\">Warranty periods for holiday homes: 50. Year warranty on the structure (Magnelis anti-corrosion steel)<\/p>\n<\/div>\n<\/div>\n<\/div>\n<p><!--\n\n\n<div id=\"katalog-desc-wrapper\" class=\"desc-wrapper\">\n\n\n<h3>KATALOG<\/h3>\n\n\n--><\/p>\n<\/div>\n<\/div>","protected":false},"excerpt":{"rendered":"<table class=\"table-ad\">\n<tbody>\n<tr class=\"tr-ad\">\n<th class=\"th-ad\" colspan=\"2\">PROJECT INFORMATION<\/th>\n<\/tr>\n<tr class=\"tr-ad\">\n<th class=\"th-ad\">GROSS AREA<\/th>\n<td class=\"td-ad\">159,6 m2<\/td>\n<\/tr>\n<tr class=\"tr-ad\">\n<th class=\"th-ad\">NET AREA<\/th>\n<td class=\"td-ad\">123,1 m2<\/td>\n<\/tr>\n<tr class=\"tr-ad\">\n<th class=\"th-ad\">NUMBER OF FLOORS<\/th>\n<td class=\"td-ad\">P+M<\/td>\n<\/tr>\n<tr class=\"tr-ad\">\n<th class=\"th-ad\">WIDTH OF THE BUILDING<\/th>\n<td class=\"td-ad\">7,5 m<\/td>\n<\/tr>\n<tr class=\"tr-ad\">\n<th class=\"th-ad\">LENGTH OF THE BUILDING<\/th>\n<td class=\"td-ad\">10,6 m<\/td>\n<\/tr>\n<tr class=\"tr-ad\">\n<th class=\"th-ad\">KNEE WALL<\/th>\n<td class=\"td-ad\">1<\/td>\n<\/tr>\n<tr class=\"tr-ad\">\n<th class=\"th-ad\">ASPECT RATIO<\/th>\n<td class=\"td-ad\">1:1,4<\/td>\n<\/tr>\n<tr class=\"tr-ad\">\n<th class=\"th-ad\">Height of the structure<\/th>\n<td class=\"td-ad\">7,80 m<\/td>\n<\/tr>\n<tr class=\"tr-ad\">\n<th class=\"th-ad\">ROOF SLOPE<\/th>\n<td class=\"td-ad\">45\u00b0<\/td>\n<\/tr>\n<tr class=\"tr-ad\">\n<th class=\"th-ad\">ENERGY EFFICIENCY<\/th>\n<td class=\"td-ad\">A2 - Passive<\/td>\n<\/tr>\n<\/tbody>\n<\/table>\n<div class=\"signature-container\">\n<div class=\"signature-box\"><label for=\"offer-number\">Offer number:<\/label><br \/>\n<input id=\"offer-number\" name=\"offer-number\" type=\"text\" placeholder=\"Enter offer number\" \/><\/div>\n<div class=\"signature-box\"><label for=\"customer-name\">Customer:<\/label><br \/>\n<input id=\"customer-name\" name=\"customer-name\" type=\"text\" placeholder=\"Enter full name\" \/><\/div>\n<div class=\"signature-box\"><label for=\"customer-address\">Address:<\/label><br \/>\n<input id=\"customer-address\" name=\"customer-address\" type=\"text\" placeholder=\"Enter address\" \/><\/div>\n<div class=\"signature-box\"><label for=\"customer-country\">Country:<\/label><br \/>\n<input id=\"customer-country\" name=\"customer-country\" type=\"text\" placeholder=\"Enter the country name\" \/><\/div>\n<div class=\"signature-box\"><label for=\"customer-contact\">Contact:<\/label><br \/>\n<input id=\"customer-contact\" name=\"customer-contact\" type=\"text\" placeholder=\"Enter contact\" \/><\/div>\n<\/div>\n<p><button class=\"print-button\">Print<\/button><\/p>\n<p><script>\n  function printPage() {\n    window.print(); \/\/ Otvoriti print dialog\n  }\n<\/script><\/p>","protected":false},"featured_media":10892,"comment_status":"open","ping_status":"closed","template":"","meta":{"_acf_changed":false,"_monsterinsights_skip_tracking":false,"_monsterinsights_sitenote_active":false,"_monsterinsights_sitenote_note":"","_monsterinsights_sitenote_category":0},"product_cat":[87],"product_tag":[],"class_list":{"0":"post-10875","1":"product","2":"type-product","3":"status-publish","4":"has-post-thumbnail","6":"product_cat-stanovanjske-hise","8":"first","9":"instock","10":"featured","11":"shipping-taxable","12":"purchasable","13":"product-type-simple"},"exclude_global_add_ons":true,"addons":[{"name":"House prices by stages","type":"heading","position":0,"required":false,"title_format":"label","description_enable":true,"description":"Osnovna cena vklju\u010duje fazo \"Delni klju\u010d\"\r\n\r\nGroba konstrukcija - 49,900.00 \u20ac\r\nGroba gradnja - 64,900.00 \u20ac\r\nKlju\u010d - 154.900,00 \u20ac","placeholder_enable":false,"placeholder":"","display":"select","restrictions_type":"any_text","adjust_price":false,"price":"","price_type":"flat_fee","restrictions":false,"min":0,"max":0,"options":[],"id":1737369515},{"name":"Displayed prices are without VAT, and the delivery cost depends on the location.","type":"heading","position":1,"required":false,"title_format":"label","description_enable":false,"description":"","placeholder_enable":false,"placeholder":"","display":"select","restrictions_type":"any_text","adjust_price":false,"price":"","price_type":"flat_fee","restrictions":false,"min":0,"max":0,"options":[],"id":1736847752}],"acf":[],"yoast_head":"<!-- This site is optimized with the Yoast SEO Premium plugin v24.2 (Yoast SEO v27.0) - https:\/\/yoast.com\/product\/yoast-seo-premium-wordpress\/ -->\n<title>Hi\u0161a - 120m\u00b2 - ZerroMax<\/title>\n<meta name=\"robots\" content=\"index, follow, max-snippet:-1, max-image-preview:large, max-video-preview:-1\" \/>\n<link rel=\"canonical\" href=\"https:\/\/zerromax.si\/en\/product\/hisa-120m2\/\" \/>\n<meta property=\"og:locale\" content=\"en_US\" \/>\n<meta property=\"og:type\" content=\"article\" \/>\n<meta property=\"og:title\" content=\"Hi\u0161a - 120m\u00b2\" \/>\n<meta property=\"og:description\" content=\"INFORMACIJE O PROJEKTU   BRUTO POVR\u0160INA 159,6 m2   NETO POVR\u0160INA 123,1 m2   ETA\u017dNOST P+M   \u0160IRINA OBJEKTA 7,5 m   DOL\u017dINA OBJEKTA 10,6 m   KOLEN\u010cNI ZID 1   RAZMJERE STRANIC 1:1,4   VI\u0160INA OBJEKTA 7,80 m   NAKLON STREHE 45\u00b0   ENERGETSKA U\u010cINKOVITOST A2-Pasivna     \u0160tevilka ponudbe:  Kupec:  Naslov:  Dr\u017eava:  Kontakt:   Tiskanje\" \/>\n<meta property=\"og:url\" content=\"https:\/\/zerromax.si\/en\/product\/hisa-120m2\/\" \/>\n<meta property=\"og:site_name\" content=\"ZerroMax\" \/>\n<meta property=\"article:modified_time\" content=\"2026-04-02T14:04:27+00:00\" \/>\n<meta property=\"og:image\" content=\"https:\/\/zerromax.si\/wp-content\/uploads\/2025\/01\/House_120m2_exterior_2000x2000.png\" \/>\n\t<meta property=\"og:image:width\" content=\"1000\" \/>\n\t<meta property=\"og:image:height\" content=\"1000\" \/>\n\t<meta property=\"og:image:type\" content=\"image\/png\" \/>\n<meta name=\"twitter:card\" content=\"summary_large_image\" \/>\n<meta name=\"twitter:label1\" content=\"Est. reading time\" \/>\n\t<meta name=\"twitter:data1\" content=\"2 minutes\" \/>\n<script type=\"application\/ld+json\" class=\"yoast-schema-graph\">{\"@context\":\"https:\/\/schema.org\",\"@graph\":[{\"@type\":\"WebPage\",\"@id\":\"https:\/\/zerromax.si\/product\/hisa-120m2\/\",\"url\":\"https:\/\/zerromax.si\/product\/hisa-120m2\/\",\"name\":\"Hi\u0161a - 120m\u00b2 - ZerroMax\",\"isPartOf\":{\"@id\":\"https:\/\/zerromax.si\/#website\"},\"primaryImageOfPage\":{\"@id\":\"https:\/\/zerromax.si\/product\/hisa-120m2\/#primaryimage\"},\"image\":{\"@id\":\"https:\/\/zerromax.si\/product\/hisa-120m2\/#primaryimage\"},\"thumbnailUrl\":\"https:\/\/zerromax.si\/wp-content\/uploads\/2025\/01\/House_120m2_exterior_2000x2000.png\",\"datePublished\":\"2025-01-03T09:39:11+00:00\",\"dateModified\":\"2026-04-02T14:04:27+00:00\",\"breadcrumb\":{\"@id\":\"https:\/\/zerromax.si\/product\/hisa-120m2\/#breadcrumb\"},\"inLanguage\":\"en-US\",\"potentialAction\":[{\"@type\":\"ReadAction\",\"target\":[\"https:\/\/zerromax.si\/product\/hisa-120m2\/\"]}]},{\"@type\":\"ImageObject\",\"inLanguage\":\"en-US\",\"@id\":\"https:\/\/zerromax.si\/product\/hisa-120m2\/#primaryimage\",\"url\":\"https:\/\/zerromax.si\/wp-content\/uploads\/2025\/01\/House_120m2_exterior_2000x2000.png\",\"contentUrl\":\"https:\/\/zerromax.si\/wp-content\/uploads\/2025\/01\/House_120m2_exterior_2000x2000.png\",\"width\":1000,\"height\":1000},{\"@type\":\"BreadcrumbList\",\"@id\":\"https:\/\/zerromax.si\/product\/hisa-120m2\/#breadcrumb\",\"itemListElement\":[{\"@type\":\"ListItem\",\"position\":1,\"name\":\"Home\",\"item\":\"https:\/\/zerromax.si\/\"},{\"@type\":\"ListItem\",\"position\":2,\"name\":\"Izdelki\",\"item\":\"https:\/\/zerromax.si\/shop-2__trashed\/\"},{\"@type\":\"ListItem\",\"position\":3,\"name\":\"Hi\u0161a &#8211; 120m\u00b2\"}]},{\"@type\":\"WebSite\",\"@id\":\"https:\/\/zerromax.si\/#website\",\"url\":\"https:\/\/zerromax.si\/\",\"name\":\"ZerroMax\",\"description\":\"Proizvajamo objekte: Hitro, kakovostno, prilagodljivo\",\"potentialAction\":[{\"@type\":\"SearchAction\",\"target\":{\"@type\":\"EntryPoint\",\"urlTemplate\":\"https:\/\/zerromax.si\/?s={search_term_string}\"},\"query-input\":{\"@type\":\"PropertyValueSpecification\",\"valueRequired\":true,\"valueName\":\"search_term_string\"}}],\"inLanguage\":\"en-US\"}]}<\/script>\n<!-- \/ Yoast SEO Premium plugin. -->","yoast_head_json":{"title":"Hi\u0161a - 120m\u00b2 - ZerroMax","robots":{"index":"index","follow":"follow","max-snippet":"max-snippet:-1","max-image-preview":"max-image-preview:large","max-video-preview":"max-video-preview:-1"},"canonical":"https:\/\/zerromax.si\/en\/product\/hisa-120m2\/","og_locale":"en_US","og_type":"article","og_title":"Hi\u0161a - 120m\u00b2","og_description":"INFORMACIJE O PROJEKTU   BRUTO POVR\u0160INA 159,6 m2   NETO POVR\u0160INA 123,1 m2   ETA\u017dNOST P+M   \u0160IRINA OBJEKTA 7,5 m   DOL\u017dINA OBJEKTA 10,6 m   KOLEN\u010cNI ZID 1   RAZMJERE STRANIC 1:1,4   VI\u0160INA OBJEKTA 7,80 m   NAKLON STREHE 45\u00b0   ENERGETSKA U\u010cINKOVITOST A2-Pasivna     \u0160tevilka ponudbe:  Kupec:  Naslov:  Dr\u017eava:  Kontakt:   Tiskanje","og_url":"https:\/\/zerromax.si\/en\/product\/hisa-120m2\/","og_site_name":"ZerroMax","article_modified_time":"2026-04-02T14:04:27+00:00","og_image":[{"width":1000,"height":1000,"url":"https:\/\/zerromax.si\/wp-content\/uploads\/2025\/01\/House_120m2_exterior_2000x2000.png","type":"image\/png"}],"twitter_card":"summary_large_image","twitter_misc":{"Est. reading time":"2 minutes"},"schema":{"@context":"https:\/\/schema.org","@graph":[{"@type":"WebPage","@id":"https:\/\/zerromax.si\/product\/hisa-120m2\/","url":"https:\/\/zerromax.si\/product\/hisa-120m2\/","name":"Hi\u0161a - 120m\u00b2 - ZerroMax","isPartOf":{"@id":"https:\/\/zerromax.si\/#website"},"primaryImageOfPage":{"@id":"https:\/\/zerromax.si\/product\/hisa-120m2\/#primaryimage"},"image":{"@id":"https:\/\/zerromax.si\/product\/hisa-120m2\/#primaryimage"},"thumbnailUrl":"https:\/\/zerromax.si\/wp-content\/uploads\/2025\/01\/House_120m2_exterior_2000x2000.png","datePublished":"2025-01-03T09:39:11+00:00","dateModified":"2026-04-02T14:04:27+00:00","breadcrumb":{"@id":"https:\/\/zerromax.si\/product\/hisa-120m2\/#breadcrumb"},"inLanguage":"en-US","potentialAction":[{"@type":"ReadAction","target":["https:\/\/zerromax.si\/product\/hisa-120m2\/"]}]},{"@type":"ImageObject","inLanguage":"en-US","@id":"https:\/\/zerromax.si\/product\/hisa-120m2\/#primaryimage","url":"https:\/\/zerromax.si\/wp-content\/uploads\/2025\/01\/House_120m2_exterior_2000x2000.png","contentUrl":"https:\/\/zerromax.si\/wp-content\/uploads\/2025\/01\/House_120m2_exterior_2000x2000.png","width":1000,"height":1000},{"@type":"BreadcrumbList","@id":"https:\/\/zerromax.si\/product\/hisa-120m2\/#breadcrumb","itemListElement":[{"@type":"ListItem","position":1,"name":"Home","item":"https:\/\/zerromax.si\/"},{"@type":"ListItem","position":2,"name":"Izdelki","item":"https:\/\/zerromax.si\/shop-2__trashed\/"},{"@type":"ListItem","position":3,"name":"Hi\u0161a &#8211; 120m\u00b2"}]},{"@type":"WebSite","@id":"https:\/\/zerromax.si\/#website","url":"https:\/\/zerromax.si\/","name":"ZerroMax","description":"We manufacture buildings: Quickly, efficiently, flexibly","potentialAction":[{"@type":"SearchAction","target":{"@type":"EntryPoint","urlTemplate":"https:\/\/zerromax.si\/?s={search_term_string}"},"query-input":{"@type":"PropertyValueSpecification","valueRequired":true,"valueName":"search_term_string"}}],"inLanguage":"en-US"}]}},"_links":{"self":[{"href":"https:\/\/zerromax.si\/en\/wp-json\/wp\/v2\/product\/10875","targetHints":{"allow":["GET"]}}],"collection":[{"href":"https:\/\/zerromax.si\/en\/wp-json\/wp\/v2\/product"}],"about":[{"href":"https:\/\/zerromax.si\/en\/wp-json\/wp\/v2\/types\/product"}],"replies":[{"embeddable":true,"href":"https:\/\/zerromax.si\/en\/wp-json\/wp\/v2\/comments?post=10875"}],"wp:featuredmedia":[{"embeddable":true,"href":"https:\/\/zerromax.si\/en\/wp-json\/wp\/v2\/media\/10892"}],"wp:attachment":[{"href":"https:\/\/zerromax.si\/en\/wp-json\/wp\/v2\/media?parent=10875"}],"wp:term":[{"taxonomy":"product_cat","embeddable":true,"href":"https:\/\/zerromax.si\/en\/wp-json\/wp\/v2\/product_cat?post=10875"},{"taxonomy":"product_tag","embeddable":true,"href":"https:\/\/zerromax.si\/en\/wp-json\/wp\/v2\/product_tag?post=10875"}],"curies":[{"name":"wp","href":"https:\/\/api.w.org\/{rel}","templated":true}]}}