{"id":12915,"date":"2026-01-08T16:12:28","date_gmt":"2026-01-08T16:12:28","guid":{"rendered":"https:\/\/zerromax.si\/?page_id=12915"},"modified":"2026-01-08T16:14:08","modified_gmt":"2026-01-08T16:14:08","slug":"faq","status":"publish","type":"page","link":"https:\/\/zerromax.si\/hr\/faq\/","title":{"rendered":"FAQ"},"content":{"rendered":"<div data-elementor-type=\"wp-page\" data-elementor-id=\"12915\" class=\"elementor elementor-12915\" data-elementor-post-type=\"page\">\n\t\t\t\t<div class=\"elementor-element elementor-element-2b9ef8f e-con-full e-flex e-con e-parent\" data-id=\"2b9ef8f\" data-element_type=\"container\">\n\t\t<div class=\"elementor-element elementor-element-bfdd584 e-flex e-con-boxed e-con e-child\" data-id=\"bfdd584\" data-element_type=\"container\">\n\t\t\t\t\t<div class=\"e-con-inner\">\n\t\t<div class=\"elementor-element elementor-element-9a520a1 e-con-full e-flex e-con e-child\" data-id=\"9a520a1\" data-element_type=\"container\">\n\t\t\t\t<div class=\"elementor-element elementor-element-82f09f4 elementor-widget__width-initial elementor-widget elementor-widget-kinsley-section-heading-two\" data-id=\"82f09f4\" data-element_type=\"widget\" data-widget_type=\"kinsley-section-heading-two.default\">\n\t\t\t\t<div class=\"elementor-widget-container\">\n\t\t\t\n\t\t\t\t<div class=\"knsl-subtitle-two knsl-mb-20\">\n\t\t\t<span >\n\t\t\t\tFAQ\t\t\t<\/span>\n\t\t<\/div>\n\t\t\t\t\t\t<h2 class=\"knsl-title-two knsl-mb-30\">\n\t\t\t<span >\n\t\t\t\t\u010cesta pitanja\t\t\t<\/span>\n\t\t<\/h2>\n\t\t\t\t\n\t\t\t\t<\/div>\n\t\t\t\t<\/div>\n\t\t\t\t<\/div>\n\t\t<div class=\"elementor-element elementor-element-b469bd5 e-con-full e-flex e-con e-child\" data-id=\"b469bd5\" data-element_type=\"container\">\n\t\t\t\t<div class=\"elementor-element elementor-element-4193a8e elementor-widget elementor-widget-kinsley-faq\" data-id=\"4193a8e\" data-element_type=\"widget\" data-widget_type=\"kinsley-faq.default\">\n\t\t\t\t<div class=\"elementor-widget-container\">\n\t\t\t\n\t\t<!-- faq -->\n                <div id=\"accordion\">\n\t\t                <div class=\"knsl-faq knsl-faq-two knsl-mb-60\" id=\"faq-31\">\n\t\t\t\t\n\n<div class=\"card\">\n\t<div class=\"card-header\" id=\"knsl-faqHeading-12907\">\n\t\t<div class=\"mb-0\">\n\t\t\t<h6 class=\"knsl-faq-title\" data-toggle=\"collapse\" data-target=\"#knsl-faqCollapse-12907\" data-aria-expanded=\"true\" data-aria-controls=\"knsl-faqCollapse-12907\">\n\t\t\t\t<span class=\"badge\">1<\/span>\n\t\t\t\tNudite li izradu projektne dokumentacije?\t\t\t<\/h6>\n\t\t<\/div>\n\t<\/div>\n\t<div id=\"knsl-faqCollapse-12907\" class=\"collapse\" aria-labelledby=\"knsl-faqHeading-12907\" data-parent=\"#accordion\">\n\t\t<div class=\"knsl-card-body\">\n\t\t\t<p>U suradnji s ovla\u0161tenim projektantima, mo\u017eemo osigurati projektnu dokumentaciju za dobivanje potrebnih dozvola u skladu s lokalnim zakonodavstvom. Projektiranje i dokumentacija dostupni su kao dodatna usluga.<\/p>\t\t<\/div>\n\t<\/div>\n<\/div>\n\n\n<div class=\"card\">\n\t<div class=\"card-header\" id=\"knsl-faqHeading-12889\">\n\t\t<div class=\"mb-0\">\n\t\t\t<h6 class=\"knsl-faq-title\" data-toggle=\"collapse\" data-target=\"#knsl-faqCollapse-12889\" data-aria-expanded=\"true\" data-aria-controls=\"knsl-faqCollapse-12889\">\n\t\t\t\t<span class=\"badge\">2<\/span>\n\t\t\t\t\u0160to je uklju\u010deno u osnovnu cijenu?\t\t\t<\/h6>\n\t\t<\/div>\n\t<\/div>\n\t<div id=\"knsl-faqCollapse-12889\" class=\"collapse\" aria-labelledby=\"knsl-faqHeading-12889\" data-parent=\"#accordion\">\n\t\t<div class=\"knsl-card-body\">\n\t\t\t<p>Osnovna cijena obi\u010dno uklju\u010duje:<br \/>\n\u2013 konstrukciju<br \/>\n\u2013 toplinsku izolacija<br \/>\n\u2013 vanjske i unutarnje zidne obloge<br \/>\n\u2013 krovna konstrukcija i pokrov<br \/>\n\u2013 prozori i vrata<br \/>\n\u2013 osnovne elektri\u010dne i vodovodne instalacije<\/p>\n<p>To\u010dan raspon uvijek je odre\u0111en odabranim modelom.<\/p>\n\t\t<\/div>\n\t<\/div>\n<\/div>\n\n\n<div class=\"card\">\n\t<div class=\"card-header\" id=\"knsl-faqHeading-12890\">\n\t\t<div class=\"mb-0\">\n\t\t\t<h6 class=\"knsl-faq-title\" data-toggle=\"collapse\" data-target=\"#knsl-faqCollapse-12890\" data-aria-expanded=\"true\" data-aria-controls=\"knsl-faqCollapse-12890\">\n\t\t\t\t<span class=\"badge\">3<\/span>\n\t\t\t\tJe li objekt pogodan za \u017eivot tijekom cijele godine?\t\t\t<\/h6>\n\t\t<\/div>\n\t<\/div>\n\t<div id=\"knsl-faqCollapse-12890\" class=\"collapse\" aria-labelledby=\"knsl-faqHeading-12890\" data-parent=\"#accordion\">\n\t\t<div class=\"knsl-card-body\">\n\t\t\t<p>Svi na\u0161i objekti mogu se prilagoditi za cjelogodi\u0161nji \u017eivot, bez obzira na lokaciju i klimatske uvjete.<\/p>\n\t\t<\/div>\n\t<\/div>\n<\/div>\n\n\n<div class=\"card\">\n\t<div class=\"card-header\" id=\"knsl-faqHeading-12891\">\n\t\t<div class=\"mb-0\">\n\t\t\t<h6 class=\"knsl-faq-title\" data-toggle=\"collapse\" data-target=\"#knsl-faqCollapse-12891\" data-aria-expanded=\"true\" data-aria-controls=\"knsl-faqCollapse-12891\">\n\t\t\t\t<span class=\"badge\">4<\/span>\n\t\t\t\tKoji su uvjeti pla\u0107anja?\t\t\t<\/h6>\n\t\t<\/div>\n\t<\/div>\n\t<div id=\"knsl-faqCollapse-12891\" class=\"collapse\" aria-labelledby=\"knsl-faqHeading-12891\" data-parent=\"#accordion\">\n\t\t<div class=\"knsl-card-body\">\n\t\t\t<p>Pla\u0107anje se obi\u010dno vr\u0161i unaprijed, a zatim u naknadnim ratama, uz prethodni dogovor.<\/p>\t\t<\/div>\n\t<\/div>\n<\/div>\n\n\n<div class=\"card\">\n\t<div class=\"card-header\" id=\"knsl-faqHeading-12892\">\n\t\t<div class=\"mb-0\">\n\t\t\t<h6 class=\"knsl-faq-title\" data-toggle=\"collapse\" data-target=\"#knsl-faqCollapse-12892\" data-aria-expanded=\"true\" data-aria-controls=\"knsl-faqCollapse-12892\">\n\t\t\t\t<span class=\"badge\">5<\/span>\n\t\t\t\tKolika je visina stropova?\t\t\t<\/h6>\n\t\t<\/div>\n\t<\/div>\n\t<div id=\"knsl-faqCollapse-12892\" class=\"collapse\" aria-labelledby=\"knsl-faqHeading-12892\" data-parent=\"#accordion\">\n\t\t<div class=\"knsl-card-body\">\n\t\t\t<p>Prosje\u010dna unutarnja visina je pribli\u017eno 2,40 m, ali mo\u017ee varirati ovisno o modelu.<\/p>\t\t<\/div>\n\t<\/div>\n<\/div>\n\n\n<div class=\"card\">\n\t<div class=\"card-header\" id=\"knsl-faqHeading-12893\">\n\t\t<div class=\"mb-0\">\n\t\t\t<h6 class=\"knsl-faq-title\" data-toggle=\"collapse\" data-target=\"#knsl-faqCollapse-12893\" data-aria-expanded=\"true\" data-aria-controls=\"knsl-faqCollapse-12893\">\n\t\t\t\t<span class=\"badge\">6<\/span>\n\t\t\t\tOd kojih su materijala izra\u0111eni objekti?\t\t\t<\/h6>\n\t\t<\/div>\n\t<\/div>\n\t<div id=\"knsl-faqCollapse-12893\" class=\"collapse\" aria-labelledby=\"knsl-faqHeading-12893\" data-parent=\"#accordion\">\n\t\t<div class=\"knsl-card-body\">\n\t\t\t<p>Koristimo visokokvalitetne i provjerene materijale europskog podrijetla, uklju\u010duju\u0107i:<br \/>\u2013 KVH drveni profili (drvena konstrukcija)<br \/>\u2013 Metalni profili za\u0161ti\u0107eni Magnelisom (metalna konstrukcija)<br \/>\u2013 toplinska izolacija<br \/>\u2013 OSB plo\u010de<br \/>\u2013 vanjske i unutarnje obloge ovisno o modelu<\/p>\t\t<\/div>\n\t<\/div>\n<\/div>\n\n\n<div class=\"card\">\n\t<div class=\"card-header\" id=\"knsl-faqHeading-12894\">\n\t\t<div class=\"mb-0\">\n\t\t\t<h6 class=\"knsl-faq-title\" data-toggle=\"collapse\" data-target=\"#knsl-faqCollapse-12894\" data-aria-expanded=\"true\" data-aria-controls=\"knsl-faqCollapse-12894\">\n\t\t\t\t<span class=\"badge\">7<\/span>\n\t\t\t\tKolika je garancija?\t\t\t<\/h6>\n\t\t<\/div>\n\t<\/div>\n\t<div id=\"knsl-faqCollapse-12894\" class=\"collapse\" aria-labelledby=\"knsl-faqHeading-12894\" data-parent=\"#accordion\">\n\t\t<div class=\"knsl-card-body\">\n\t\t\t<p>Jamstvo ovisi o vrsti zgrade i kori\u0161tenim materijalima. Detalji se utvr\u0111uju prema konkretnoj ponudi i odabiru zgrade.<\/p>\t\t<\/div>\n\t<\/div>\n<\/div>\n\n\n<div class=\"card\">\n\t<div class=\"card-header\" id=\"knsl-faqHeading-12895\">\n\t\t<div class=\"mb-0\">\n\t\t\t<h6 class=\"knsl-faq-title\" data-toggle=\"collapse\" data-target=\"#knsl-faqCollapse-12895\" data-aria-expanded=\"true\" data-aria-controls=\"knsl-faqCollapse-12895\">\n\t\t\t\t<span class=\"badge\">8<\/span>\n\t\t\t\tTrebam li gra\u0111evinsku dozvolu?\t\t\t<\/h6>\n\t\t<\/div>\n\t<\/div>\n\t<div id=\"knsl-faqCollapse-12895\" class=\"collapse\" aria-labelledby=\"knsl-faqHeading-12895\" data-parent=\"#accordion\">\n\t\t<div class=\"knsl-card-body\">\n\t\t\t<p>I u Sloveniji i u Hrvatskoj, za izgradnju zgrade op\u0107enito je potrebna gra\u0111evinska dozvola.<br \/>Preporu\u010dujemo da se uvjeti za konkretan slu\u010daj provjere kod nadle\u017enog upravnog tijela ili ovla\u0161tenog projektanta.<\/p>\t\t<\/div>\n\t<\/div>\n<\/div>\n\n\n<div class=\"card\">\n\t<div class=\"card-header\" id=\"knsl-faqHeading-9819\">\n\t\t<div class=\"mb-0\">\n\t\t\t<h6 class=\"knsl-faq-title\" data-toggle=\"collapse\" data-target=\"#knsl-faqCollapse-9819\" data-aria-expanded=\"true\" data-aria-controls=\"knsl-faqCollapse-9819\">\n\t\t\t\t<span class=\"badge\">9<\/span>\n\t\t\t\tKolika je cijena ku\u0107e (model XX) s prijevozom i monta\u017eom?\t\t\t<\/h6>\n\t\t<\/div>\n\t<\/div>\n\t<div id=\"knsl-faqCollapse-9819\" class=\"collapse\" aria-labelledby=\"knsl-faqHeading-9819\" data-parent=\"#accordion\">\n\t\t<div class=\"knsl-card-body\">\n\t\t\t<p>Cijene pojedinih modela su okvirne i slu\u017ee kao informativna polazna to\u010dka. Kona\u010dna cijena ovisi o odabranom modelu, opremi, mjestu ugradnje i karakteristikama terena.<\/p>\n<p>Po\u010detna cijena (bez PDV-a, prijevoza i monta\u017ee):<br \/>\n\u2013 Wood 36 \u2013 17.900 \u20ac\u00a0 + PDV<br \/>\n\u2013 Wood 50 \u2013 21.900 \u20ac + PDV<br \/>\n\u2013 WoodMax 80 \u2013 39.900 \u20ac + PDV<br \/>\n\u2013 Zen 30 \u2013 18.900 \u20ac + PDV<br \/>\n\u2013 Zen 44 \u2013 24.900 \u20ac + PDV<br \/>\n\u2013 Zen 66 \u2013 31.900 \u20ac + PDV<\/p>\n\t\t<\/div>\n\t<\/div>\n<\/div>\n\n\n<div class=\"card\">\n\t<div class=\"card-header\" id=\"knsl-faqHeading-9817\">\n\t\t<div class=\"mb-0\">\n\t\t\t<h6 class=\"knsl-faq-title\" data-toggle=\"collapse\" data-target=\"#knsl-faqCollapse-9817\" data-aria-expanded=\"true\" data-aria-controls=\"knsl-faqCollapse-9817\">\n\t\t\t\t<span class=\"badge\">10<\/span>\n\t\t\t\tJesu li objekti trajni?\t\t\t<\/h6>\n\t\t<\/div>\n\t<\/div>\n\t<div id=\"knsl-faqCollapse-9817\" class=\"collapse\" aria-labelledby=\"knsl-faqHeading-9817\" data-parent=\"#accordion\">\n\t\t<div class=\"knsl-card-body\">\n\t\t\t<p>Ku\u0107e su projektirane kao trajne gra\u0111evine. Njihov vijek trajanja ovisi o tome kako se koriste, odr\u017eavaju i izla\u017eu vanjskim utjecajima.<\/p>\n\t\t<\/div>\n\t<\/div>\n<\/div>\n\n\n<div class=\"card\">\n\t<div class=\"card-header\" id=\"knsl-faqHeading-9815\">\n\t\t<div class=\"mb-0\">\n\t\t\t<h6 class=\"knsl-faq-title\" data-toggle=\"collapse\" data-target=\"#knsl-faqCollapse-9815\" data-aria-expanded=\"true\" data-aria-controls=\"knsl-faqCollapse-9815\">\n\t\t\t\t<span class=\"badge\">11<\/span>\n\t\t\t\tJesu li temelji neophodni?\t\t\t<\/h6>\n\t\t<\/div>\n\t<\/div>\n\t<div id=\"knsl-faqCollapse-9815\" class=\"collapse\" aria-labelledby=\"knsl-faqHeading-9815\" data-parent=\"#accordion\">\n\t\t<div class=\"knsl-card-body\">\n\t\t\t<p>Potreba za temeljima ovisi o modelu, veli\u010dini ku\u0107e i njezinoj namjeni. Za manje zgrade \u010desto ih je mogu\u0107e postaviti na pravilno pripremljenu i oja\u010danu podlogu, dok je za ve\u0107e ku\u0107e potreban temelj. Vrsta i na\u010din temeljenja odre\u0111uju se ovisno o vrsti ku\u0107ice, terenu i lokalnim uvjetima.<\/p>\n\t\t<\/div>\n\t<\/div>\n<\/div>\n\n\n<div class=\"card\">\n\t<div class=\"card-header\" id=\"knsl-faqHeading-705\">\n\t\t<div class=\"mb-0\">\n\t\t\t<h6 class=\"knsl-faq-title\" data-toggle=\"collapse\" data-target=\"#knsl-faqCollapse-705\" data-aria-expanded=\"true\" data-aria-controls=\"knsl-faqCollapse-705\">\n\t\t\t\t<span class=\"badge\">12<\/span>\n\t\t\t\tJesu li dostupni tlocrti i 3D prikazi?\t\t\t<\/h6>\n\t\t<\/div>\n\t<\/div>\n\t<div id=\"knsl-faqCollapse-705\" class=\"collapse\" aria-labelledby=\"knsl-faqHeading-705\" data-parent=\"#accordion\">\n\t\t<div class=\"knsl-card-body\">\n\t\t\t<p>Da. Tlocrti i 3D prikazi dostupni su u katalogu i na web stranici. Prikazi su samo u informativne svrhe i mogu se razlikovati od kona\u010dnog dizajna.<\/p>\t\t<\/div>\n\t<\/div>\n<\/div>\n\n\n<div class=\"card\">\n\t<div class=\"card-header\" id=\"knsl-faqHeading-703\">\n\t\t<div class=\"mb-0\">\n\t\t\t<h6 class=\"knsl-faq-title\" data-toggle=\"collapse\" data-target=\"#knsl-faqCollapse-703\" data-aria-expanded=\"true\" data-aria-controls=\"knsl-faqCollapse-703\">\n\t\t\t\t<span class=\"badge\">13<\/span>\n\t\t\t\tKoliko dugo traje izrada?\t\t\t<\/h6>\n\t\t<\/div>\n\t<\/div>\n\t<div id=\"knsl-faqCollapse-703\" class=\"collapse\" aria-labelledby=\"knsl-faqHeading-703\" data-parent=\"#accordion\">\n\t\t<div class=\"knsl-card-body\">\n\t\t\t<p>Proizvodnja obi\u010dno traje otprilike 2-4 mjeseca od potvrde narud\u017ebe. Ovaj vremenski okvir je okviran i mo\u017ee se mijenjati ovisno o proizvodnim kapacitetima, opskrbi materijalom ili drugim nepredvi\u0111enim okolnostima.<\/p>\t\t<\/div>\n\t<\/div>\n<\/div>\n\n\n<div class=\"card\">\n\t<div class=\"card-header\" id=\"knsl-faqHeading-701\">\n\t\t<div class=\"mb-0\">\n\t\t\t<h6 class=\"knsl-faq-title\" data-toggle=\"collapse\" data-target=\"#knsl-faqCollapse-701\" data-aria-expanded=\"true\" data-aria-controls=\"knsl-faqCollapse-701\">\n\t\t\t\t<span class=\"badge\">14<\/span>\n\t\t\t\tDostavljate li u moj grad ili dr\u017eavu?\t\t\t<\/h6>\n\t\t<\/div>\n\t<\/div>\n\t<div id=\"knsl-faqCollapse-701\" class=\"collapse\" aria-labelledby=\"knsl-faqHeading-701\" data-parent=\"#accordion\">\n\t\t<div class=\"knsl-card-body\">\n\t\t\t<p>Dostava je mogu\u0107a u Sloveniji i Hrvatskoj, a za ostale zemlje po dogovoru.<\/p>\t\t<\/div>\n\t<\/div>\n<\/div>\n\n\n<div class=\"card\">\n\t<div class=\"card-header\" id=\"knsl-faqHeading-699\">\n\t\t<div class=\"mb-0\">\n\t\t\t<h6 class=\"knsl-faq-title\" data-toggle=\"collapse\" data-target=\"#knsl-faqCollapse-699\" data-aria-expanded=\"true\" data-aria-controls=\"knsl-faqCollapse-699\">\n\t\t\t\t<span class=\"badge\">15<\/span>\n\t\t\t\tJe li mogu\u0107e vidjeti ku\u0107u u\u017eivo?\t\t\t<\/h6>\n\t\t<\/div>\n\t<\/div>\n\t<div id=\"knsl-faqCollapse-699\" class=\"collapse\" aria-labelledby=\"knsl-faqHeading-699\" data-parent=\"#accordion\">\n\t\t<div class=\"knsl-card-body\">\n\t\t\t<p>Uz prethodni dogovor, mogu\u0107e je pogledati izlo\u017ebene modele u proizvodnji u Novom mestu. Obilasci ve\u0107 instaliranih objekata u prostorijama kupaca nisu mogu\u0107i zbog za\u0161tite privatnosti.<\/p>\t\t<\/div>\n\t<\/div>\n<\/div>\n            <\/div>\n\t\t\t        <\/div>\n\t\t        <!-- faq end -->\n\n\t\t\t\t<\/div>\n\t\t\t\t<\/div>\n\t\t\t\t<\/div>\n\t\t\t\t\t<\/div>\n\t\t\t\t<\/div>\n\t\t\t\t<\/div>\n\t\t\t\t<\/div>","protected":false},"excerpt":{"rendered":"<p>FAQ Pogosta vpra\u0161anja 1 Ali nudite projektiranje in dokumentacijo? V sodelovanju s poobla\u0161\u010denimi projektanti lahko zagotovimo projektno dokumentacijo za pridobitev&#8230; <span class=\"knsl-el-more\"><a href=\"https:\/\/zerromax.si\/hr\/faq\/item\/what-is-lorem-ipsum\/\" class=\"knsl-btn\">Read more<span class=\"screen-reader-text\">Read more&nbsp;Ali si je mogo\u010de ogledati hi\u0161ico v \u017eivo?<\/span><\/a><\/span><\/p>","protected":false},"author":1,"featured_media":0,"parent":0,"menu_order":0,"comment_status":"closed","ping_status":"closed","template":"template-layout-builder.php","meta":{"_acf_changed":false,"_monsterinsights_skip_tracking":false,"_monsterinsights_sitenote_active":false,"_monsterinsights_sitenote_note":"","_monsterinsights_sitenote_category":0,"footnotes":""},"class_list":["post-12915","page","type-page","status-publish","hentry"],"acf":[],"yoast_head":"<!-- This site is optimized with the Yoast SEO Premium plugin v24.2 (Yoast SEO v27.0) - https:\/\/yoast.com\/product\/yoast-seo-premium-wordpress\/ -->\n<title>FAQ - ZerroMax<\/title>\n<meta name=\"robots\" content=\"index, follow, max-snippet:-1, max-image-preview:large, max-video-preview:-1\" \/>\n<link rel=\"canonical\" href=\"https:\/\/zerromax.si\/hr\/faq\/\" \/>\n<meta property=\"og:locale\" content=\"hr_HR\" \/>\n<meta property=\"og:type\" content=\"article\" \/>\n<meta property=\"og:title\" content=\"FAQ\" \/>\n<meta property=\"og:description\" content=\"FAQ Pogosta vpra\u0161anja 1 Ali nudite projektiranje in dokumentacijo? V sodelovanju s poobla\u0161\u010denimi projektanti lahko zagotovimo projektno dokumentacijo za pridobitev... Read moreRead more&nbsp;Ali si je mogo\u010de ogledati hi\u0161ico v \u017eivo?\" \/>\n<meta property=\"og:url\" content=\"https:\/\/zerromax.si\/hr\/faq\/\" \/>\n<meta property=\"og:site_name\" content=\"ZerroMax\" \/>\n<meta property=\"article:modified_time\" content=\"2026-01-08T16:14:08+00:00\" \/>\n<meta property=\"og:image\" content=\"https:\/\/zerromax.si\/wp-content\/uploads\/2025\/01\/cropped-Zerromax-favicon.jpg\" \/>\n\t<meta property=\"og:image:width\" content=\"512\" \/>\n\t<meta property=\"og:image:height\" content=\"512\" \/>\n\t<meta property=\"og:image:type\" content=\"image\/jpeg\" \/>\n<meta name=\"twitter:card\" content=\"summary_large_image\" \/>\n<meta name=\"twitter:label1\" content=\"Procijenjeno vrijeme \u010ditanja\" \/>\n\t<meta name=\"twitter:data1\" content=\"3 minute\" \/>\n<script type=\"application\/ld+json\" class=\"yoast-schema-graph\">{\"@context\":\"https:\/\/schema.org\",\"@graph\":[{\"@type\":\"WebPage\",\"@id\":\"https:\/\/zerromax.si\/faq\/\",\"url\":\"https:\/\/zerromax.si\/faq\/\",\"name\":\"FAQ - ZerroMax\",\"isPartOf\":{\"@id\":\"https:\/\/zerromax.si\/#website\"},\"datePublished\":\"2026-01-08T16:12:28+00:00\",\"dateModified\":\"2026-01-08T16:14:08+00:00\",\"breadcrumb\":{\"@id\":\"https:\/\/zerromax.si\/faq\/#breadcrumb\"},\"inLanguage\":\"hr\",\"potentialAction\":[{\"@type\":\"ReadAction\",\"target\":[\"https:\/\/zerromax.si\/faq\/\"]}]},{\"@type\":\"BreadcrumbList\",\"@id\":\"https:\/\/zerromax.si\/faq\/#breadcrumb\",\"itemListElement\":[{\"@type\":\"ListItem\",\"position\":1,\"name\":\"Home\",\"item\":\"https:\/\/zerromax.si\/\"},{\"@type\":\"ListItem\",\"position\":2,\"name\":\"FAQ\"}]},{\"@type\":\"WebSite\",\"@id\":\"https:\/\/zerromax.si\/#website\",\"url\":\"https:\/\/zerromax.si\/\",\"name\":\"ZerroMax\",\"description\":\"Proizvajamo objekte: Hitro, kakovostno, prilagodljivo\",\"potentialAction\":[{\"@type\":\"SearchAction\",\"target\":{\"@type\":\"EntryPoint\",\"urlTemplate\":\"https:\/\/zerromax.si\/?s={search_term_string}\"},\"query-input\":{\"@type\":\"PropertyValueSpecification\",\"valueRequired\":true,\"valueName\":\"search_term_string\"}}],\"inLanguage\":\"hr\"}]}<\/script>\n<!-- \/ Yoast SEO Premium plugin. -->","yoast_head_json":{"title":"FAQ - ZerroMax","robots":{"index":"index","follow":"follow","max-snippet":"max-snippet:-1","max-image-preview":"max-image-preview:large","max-video-preview":"max-video-preview:-1"},"canonical":"https:\/\/zerromax.si\/hr\/faq\/","og_locale":"hr_HR","og_type":"article","og_title":"FAQ","og_description":"FAQ Pogosta vpra\u0161anja 1 Ali nudite projektiranje in dokumentacijo? V sodelovanju s poobla\u0161\u010denimi projektanti lahko zagotovimo projektno dokumentacijo za pridobitev... Read moreRead more&nbsp;Ali si je mogo\u010de ogledati hi\u0161ico v \u017eivo?","og_url":"https:\/\/zerromax.si\/hr\/faq\/","og_site_name":"ZerroMax","article_modified_time":"2026-01-08T16:14:08+00:00","og_image":[{"width":512,"height":512,"url":"https:\/\/zerromax.si\/wp-content\/uploads\/2025\/01\/cropped-Zerromax-favicon.jpg","type":"image\/jpeg"}],"twitter_card":"summary_large_image","twitter_misc":{"Procijenjeno vrijeme \u010ditanja":"3 minute"},"schema":{"@context":"https:\/\/schema.org","@graph":[{"@type":"WebPage","@id":"https:\/\/zerromax.si\/faq\/","url":"https:\/\/zerromax.si\/faq\/","name":"FAQ - ZerroMax","isPartOf":{"@id":"https:\/\/zerromax.si\/#website"},"datePublished":"2026-01-08T16:12:28+00:00","dateModified":"2026-01-08T16:14:08+00:00","breadcrumb":{"@id":"https:\/\/zerromax.si\/faq\/#breadcrumb"},"inLanguage":"hr","potentialAction":[{"@type":"ReadAction","target":["https:\/\/zerromax.si\/faq\/"]}]},{"@type":"BreadcrumbList","@id":"https:\/\/zerromax.si\/faq\/#breadcrumb","itemListElement":[{"@type":"ListItem","position":1,"name":"Home","item":"https:\/\/zerromax.si\/"},{"@type":"ListItem","position":2,"name":"FAQ"}]},{"@type":"WebSite","@id":"https:\/\/zerromax.si\/#website","url":"https:\/\/zerromax.si\/","name":"ZerroMax","description":"Proizvodimo objekte: Brzo, kvalitetno, prilagodljivo","potentialAction":[{"@type":"SearchAction","target":{"@type":"EntryPoint","urlTemplate":"https:\/\/zerromax.si\/?s={search_term_string}"},"query-input":{"@type":"PropertyValueSpecification","valueRequired":true,"valueName":"search_term_string"}}],"inLanguage":"hr"}]}},"_links":{"self":[{"href":"https:\/\/zerromax.si\/hr\/wp-json\/wp\/v2\/pages\/12915","targetHints":{"allow":["GET"]}}],"collection":[{"href":"https:\/\/zerromax.si\/hr\/wp-json\/wp\/v2\/pages"}],"about":[{"href":"https:\/\/zerromax.si\/hr\/wp-json\/wp\/v2\/types\/page"}],"author":[{"embeddable":true,"href":"https:\/\/zerromax.si\/hr\/wp-json\/wp\/v2\/users\/1"}],"replies":[{"embeddable":true,"href":"https:\/\/zerromax.si\/hr\/wp-json\/wp\/v2\/comments?post=12915"}],"version-history":[{"count":7,"href":"https:\/\/zerromax.si\/hr\/wp-json\/wp\/v2\/pages\/12915\/revisions"}],"predecessor-version":[{"id":12922,"href":"https:\/\/zerromax.si\/hr\/wp-json\/wp\/v2\/pages\/12915\/revisions\/12922"}],"wp:attachment":[{"href":"https:\/\/zerromax.si\/hr\/wp-json\/wp\/v2\/media?parent=12915"}],"curies":[{"name":"wp","href":"https:\/\/api.w.org\/{rel}","templated":true}]}}