{"id":3,"date":"2024-12-05T12:48:32","date_gmt":"2024-12-05T12:48:32","guid":{"rendered":"https:\/\/zerromax.si\/?page_id=3"},"modified":"2025-01-19T17:17:58","modified_gmt":"2025-01-19T17:17:58","slug":"splosni-pogoji-poslovanja","status":"publish","type":"page","link":"https:\/\/zerromax.si\/hr\/splosni-pogoji-poslovanja\/","title":{"rendered":"OP\u0106I UVJETI POSLOVANJA"},"content":{"rendered":"<h4 class=\"wp-block-heading\">Predstavljanje<\/h4><p>Nositelj prava za upravljanje i koordinaciju me\u0111unarodne web stranice ZerroMax za podru\u010dje Slovenije, Hrvatske i Bosne i Hercegovine je tvrtka Dencom d.o.o., koja se nalazi na adresi Kotnikova 5, 1000 Ljubljana. Tvrtka Dencom tako\u0111er je zastupnik za prodaju skeletnih konstrukcija ZerroMax i Besteel. Podaci na ovoj web stranici o proizvodima brenda ZerroMax i tre\u0107im stranama pripremljeni su s velikom pa\u017enjom i precizno\u0161\u0107u. Ipak, povremeno mogu nastati pogre\u0161ke prilikom unosa sadr\u017eaja ili na samoj web stranici, zbog kojih se posjetiteljima iskreno ispri\u010davamo. Ako primijetite bilo kakvu pogre\u0161ku, molimo vas da nas obavijestite na adresu: info@zerromax.si. Ulaskom na ovu web stranicu, svaka osoba bez ograni\u010denja i zadr\u017eavanja prihva\u0107a Op\u0107e uvjete kori\u0161tenja stranice.<\/p><h4 class=\"wp-block-heading\"><br>Sadr\u017eaj<\/h4><p>Sadr\u017eaj dostupan na web stranici namijenjen je prvenstveno informiranju i ima informativni karakter. Vlasnik web stranice nastoji osigurati to\u010dnost, pouzdanost i kvalitetu informacija. Me\u0111utim, ne mo\u017eemo preuzeti odgovornost za eventualne tipografske gre\u0161ke ili ka\u0161njenja u unosu a\u017euriranih podataka. Zadr\u017eavamo pravo na promjenu modela, specifikacija i cijena proizvoda bez prethodne obavijesti.<\/p><h4 class=\"wp-block-heading\"><br>Cijene proizvoda<\/h4><p>Sve navedene cijene na web stranici su samo informativne i ne predstavljaju prodajnu ponudu za proizvode brenda ZerroMax. Tako\u0111er, nisu obvezuju\u0107e za ovla\u0161tene prodava\u010de. Kupnja bilo kojeg proizvoda ZerroMax ovisi o uvjetima pojedina\u010dnih kupoprodajnih ugovora.<\/p><h4 class=\"wp-block-heading\"><br>Kori\u0161tenje kola\u010di\u0107a<\/h4><p>Na ovoj web stranici koristimo kola\u010di\u0107e za pra\u0107enje puta korisnika kroz web stranicu, registraciju aktivnosti korisnika i ocjenjivanje te pobolj\u0161anje korisni\u010dkog iskustva. Postavke kola\u010di\u0107a mo\u017eete prilagoditi u svom web pregledniku. Kola\u010di\u0107i koji zahtijevaju va\u0161u suglasnost za instalaciju ne\u0107e se koristiti bez va\u0161eg izri\u010ditog pristanka.<\/p><h4 class=\"wp-block-heading\"><br>Osobni podaci\/Korisni\u010dki podaci<\/h4><p>Svi osobni podaci koji se odnose na pojedinca (ime, prezime, adresa, e-mail adresa, broj telefona itd.), koje vlasnik web stranice prikupi putem web stranica, koriste se isklju\u010divo za oblikovanje ponude usluga ili proizvoda brenda ZerroMax. Obavezujemo se da \u0107emo osobne podatke prikupljati, prenositi i pohranjivati sigurno. Va\u0161e osobne podatke ne\u0107emo davati neovla\u0161tenim tre\u0107im stranama.<\/p><h4 class=\"wp-block-heading\"><br>Upravitelj osobnih podataka<\/h4><p>Upravitelj osobnih podataka u skladu s Op\u0107om uredbom EU o za\u0161titi osobnih podataka i va\u017ee\u0107im zakonodavstvom je tvrtka Dencom d.o.o., koja se nalazi na adresi Kotnikova ulica 5, 1000 Ljubljana, s e-mailom: info@dencom.si. Obrada osobnih podataka Obrada osobnih podataka zna\u010di svaku radnju u vezi s osobnim podacima, kao \u0161to su prikupljanje, unos, ure\u0111ivanje, pohranjivanje, prijenos, otkrivanje, blokiranje, brisanje itd. Obrada osobnih podataka mo\u017ee biti ru\u010dna ili automatizirana.<br><\/p><h4 class=\"wp-block-heading\">Va\u0161a prava<\/h4><p>U skladu s odredbama Op\u0107e uredbe EU o za\u0161titi osobnih podataka (GDPR), imate pravo na pristup svojim osobnim podacima, pravo na ispravak, pravo na brisanje, pravo na prenosivost, pravo na ograni\u010denje obrade osobnih podataka i pravo na prigovor. Svoja prava mo\u017eete ostvariti tako da kontaktirate na\u0161u ovla\u0161tenu osobu za za\u0161titu podataka na e-mail adresu: info@dencom.si.<\/p><h4 class=\"wp-block-heading\"><br>Autorska prava i intelektualna svojina<\/h4><p>Sadr\u017eaj ove web stranice, uklju\u010duju\u0107i kod web stranice, za\u0161ti\u0107en je pravima industrijske i intelektualne svojine. Informacije, tekst, slike ili drugi grafi\u010dki elementi na ovoj web stranici mogu se koristiti isklju\u010divo za osobnu, nekomercijalnu upotrebu. Bez prethodnog pisanog dopu\u0161tenja vlasnika, ne smijete reproducirati, mijenjati, distribuirati, licencirati ili izdavati u obliku publikacija u bilo koje svrhe.<\/p><h4 class=\"wp-block-heading\"><br>Marke<\/h4><p>Sve marke, logotipi i za\u0161titne marke su za\u0161ti\u0107eni, njihova upotreba je ograni\u010dena i zabranjena bez pisanog odobrenja vlasnika ili tre\u0107e strane, kao i bilo kakva distribucija ili kopiranje.<\/p><h4 class=\"wp-block-heading\"><br>Odgovornost vlasnika web stranice<\/h4><p>Vlasnik stranice ne jam\u010di za vjerodostojnost ili to\u010dnost informacija sadr\u017eanih na povezanim stranicama. Vlasnik web stranice izri\u010dito odbija odgovornost za bilo kakve gre\u0161ke ili \u0161tetu koja mo\u017ee nastati zbog kori\u0161tenja tih informacija. Poveznice na druge stranice koje se nalaze na ovoj web stranici pru\u017eaju se samo kao pomo\u0107, a vlasnik stranice nije odgovoran za sadr\u017eaj tih stranica.<\/p><h4 class=\"wp-block-heading\"><br>Ograni\u010denje odgovornosti<\/h4><p>Vlasnik web stranice izri\u010dito odbacuje svaku odgovornost za bilo kakvu izravnu, neizravnu, slu\u010dajnu, posljedi\u010dnu ili drugu \u0161tetu koja je nastala kao rezultat ili je na bilo koji na\u010din povezana s va\u0161im pristupom ili kori\u0161tenjem vlasni\u010dke web stranice, uklju\u010duju\u0107i, ali ne ograni\u010davaju\u0107i se na bilo kakav gubitak ili \u0161tetu nastalu uslijed djelovanja ra\u010dunalnih virusa ili va\u0161eg oslanjanja na informacije dobivene putem vlasni\u010dke web stranice.<\/p><h4 class=\"wp-block-heading\"><br>A\u017euriranje uvjeta kori\u0161tenja<\/h4><p>Vlasnik web stranice zadr\u017eava pravo izmjene op\u0107ih uvjeta bez prethodne obavijesti. Izmjene stupaju na snagu odmah nakon objave.<\/p><h4 class=\"wp-block-heading\"><br>Objava izmjena<\/h4><p>Svaka promjena na\u0161e politike za\u0161tite osobnih podataka bit \u0107e objavljena u ovoj izjavi o za\u0161titi osobnih podataka, a ve\u0107e promjene i na po\u010detnoj stranici www.zerromax.si i na drugim mjestima.<\/p><p><br>Objavljeno: Januar 2025<\/p>","protected":false},"excerpt":{"rendered":"<p>Predstavitev Nosilec pravice do upravljanja in koordinacije mednarodne spletne strani ZerroMax za podro\u010dje Slovenije, Hrva\u0161ke je podjetje Dencom d.o.o., ki&#8230; <span class=\"knsl-el-more\"><a href=\"https:\/\/zerromax.si\/hr\/splosni-pogoji-poslovanja\/\" class=\"knsl-btn\">Read more<span class=\"screen-reader-text\">Read more&nbsp;SPLO\u0160NI POGOJI POSLOVANJA<\/span><\/a><\/span><\/p>","protected":false},"author":1,"featured_media":0,"parent":0,"menu_order":0,"comment_status":"closed","ping_status":"open","template":"","meta":{"_acf_changed":false,"_monsterinsights_skip_tracking":false,"_monsterinsights_sitenote_active":false,"_monsterinsights_sitenote_note":"","_monsterinsights_sitenote_category":0,"footnotes":""},"class_list":["post-3","page","type-page","status-publish","hentry"],"acf":[],"yoast_head":"<!-- This site is optimized with the Yoast SEO Premium plugin v24.2 (Yoast SEO v27.0) - https:\/\/yoast.com\/product\/yoast-seo-premium-wordpress\/ -->\n<title>SPLO\u0160NI POGOJI POSLOVANJA - ZerroMax<\/title>\n<meta name=\"robots\" content=\"index, follow, max-snippet:-1, max-image-preview:large, max-video-preview:-1\" \/>\n<link rel=\"canonical\" href=\"https:\/\/zerromax.si\/hr\/splosni-pogoji-poslovanja\/\" \/>\n<meta property=\"og:locale\" content=\"hr_HR\" \/>\n<meta property=\"og:type\" content=\"article\" \/>\n<meta property=\"og:title\" content=\"SPLO\u0160NI POGOJI POSLOVANJA\" \/>\n<meta property=\"og:description\" content=\"Predstavitev Nosilec pravice do upravljanja in koordinacije mednarodne spletne strani ZerroMax za podro\u010dje Slovenije, Hrva\u0161ke je podjetje Dencom d.o.o., ki... Read moreRead more&nbsp;SPLO\u0160NI POGOJI POSLOVANJA\" \/>\n<meta property=\"og:url\" content=\"https:\/\/zerromax.si\/hr\/splosni-pogoji-poslovanja\/\" \/>\n<meta property=\"og:site_name\" content=\"ZerroMax\" \/>\n<meta property=\"article:modified_time\" content=\"2025-01-19T17:17:58+00:00\" \/>\n<meta property=\"og:image\" content=\"https:\/\/zerromax.si\/wp-content\/uploads\/2025\/01\/cropped-Zerromax-favicon.jpg\" \/>\n\t<meta property=\"og:image:width\" content=\"512\" \/>\n\t<meta property=\"og:image:height\" content=\"512\" \/>\n\t<meta property=\"og:image:type\" content=\"image\/jpeg\" \/>\n<meta name=\"twitter:card\" content=\"summary_large_image\" \/>\n<meta name=\"twitter:label1\" content=\"Procijenjeno vrijeme \u010ditanja\" \/>\n\t<meta name=\"twitter:data1\" content=\"4 minute\" \/>\n<script type=\"application\/ld+json\" class=\"yoast-schema-graph\">{\"@context\":\"https:\/\/schema.org\",\"@graph\":[{\"@type\":\"WebPage\",\"@id\":\"https:\/\/zerromax.si\/splosni-pogoji-poslovanja\/\",\"url\":\"https:\/\/zerromax.si\/splosni-pogoji-poslovanja\/\",\"name\":\"SPLO\u0160NI POGOJI POSLOVANJA - ZerroMax\",\"isPartOf\":{\"@id\":\"https:\/\/zerromax.si\/#website\"},\"datePublished\":\"2024-12-05T12:48:32+00:00\",\"dateModified\":\"2025-01-19T17:17:58+00:00\",\"breadcrumb\":{\"@id\":\"https:\/\/zerromax.si\/splosni-pogoji-poslovanja\/#breadcrumb\"},\"inLanguage\":\"hr\",\"potentialAction\":[{\"@type\":\"ReadAction\",\"target\":[\"https:\/\/zerromax.si\/splosni-pogoji-poslovanja\/\"]}]},{\"@type\":\"BreadcrumbList\",\"@id\":\"https:\/\/zerromax.si\/splosni-pogoji-poslovanja\/#breadcrumb\",\"itemListElement\":[{\"@type\":\"ListItem\",\"position\":1,\"name\":\"Home\",\"item\":\"https:\/\/zerromax.si\/\"},{\"@type\":\"ListItem\",\"position\":2,\"name\":\"SPLO\u0160NI POGOJI POSLOVANJA\"}]},{\"@type\":\"WebSite\",\"@id\":\"https:\/\/zerromax.si\/#website\",\"url\":\"https:\/\/zerromax.si\/\",\"name\":\"ZerroMax\",\"description\":\"Proizvajamo objekte: Hitro, kakovostno, prilagodljivo\",\"potentialAction\":[{\"@type\":\"SearchAction\",\"target\":{\"@type\":\"EntryPoint\",\"urlTemplate\":\"https:\/\/zerromax.si\/?s={search_term_string}\"},\"query-input\":{\"@type\":\"PropertyValueSpecification\",\"valueRequired\":true,\"valueName\":\"search_term_string\"}}],\"inLanguage\":\"hr\"}]}<\/script>\n<!-- \/ Yoast SEO Premium plugin. -->","yoast_head_json":{"title":"SPLO\u0160NI POGOJI POSLOVANJA - ZerroMax","robots":{"index":"index","follow":"follow","max-snippet":"max-snippet:-1","max-image-preview":"max-image-preview:large","max-video-preview":"max-video-preview:-1"},"canonical":"https:\/\/zerromax.si\/hr\/splosni-pogoji-poslovanja\/","og_locale":"hr_HR","og_type":"article","og_title":"SPLO\u0160NI POGOJI POSLOVANJA","og_description":"Predstavitev Nosilec pravice do upravljanja in koordinacije mednarodne spletne strani ZerroMax za podro\u010dje Slovenije, Hrva\u0161ke je podjetje Dencom d.o.o., ki... Read moreRead more&nbsp;SPLO\u0160NI POGOJI POSLOVANJA","og_url":"https:\/\/zerromax.si\/hr\/splosni-pogoji-poslovanja\/","og_site_name":"ZerroMax","article_modified_time":"2025-01-19T17:17:58+00:00","og_image":[{"width":512,"height":512,"url":"https:\/\/zerromax.si\/wp-content\/uploads\/2025\/01\/cropped-Zerromax-favicon.jpg","type":"image\/jpeg"}],"twitter_card":"summary_large_image","twitter_misc":{"Procijenjeno vrijeme \u010ditanja":"4 minute"},"schema":{"@context":"https:\/\/schema.org","@graph":[{"@type":"WebPage","@id":"https:\/\/zerromax.si\/splosni-pogoji-poslovanja\/","url":"https:\/\/zerromax.si\/splosni-pogoji-poslovanja\/","name":"SPLO\u0160NI POGOJI POSLOVANJA - ZerroMax","isPartOf":{"@id":"https:\/\/zerromax.si\/#website"},"datePublished":"2024-12-05T12:48:32+00:00","dateModified":"2025-01-19T17:17:58+00:00","breadcrumb":{"@id":"https:\/\/zerromax.si\/splosni-pogoji-poslovanja\/#breadcrumb"},"inLanguage":"hr","potentialAction":[{"@type":"ReadAction","target":["https:\/\/zerromax.si\/splosni-pogoji-poslovanja\/"]}]},{"@type":"BreadcrumbList","@id":"https:\/\/zerromax.si\/splosni-pogoji-poslovanja\/#breadcrumb","itemListElement":[{"@type":"ListItem","position":1,"name":"Home","item":"https:\/\/zerromax.si\/"},{"@type":"ListItem","position":2,"name":"SPLO\u0160NI POGOJI POSLOVANJA"}]},{"@type":"WebSite","@id":"https:\/\/zerromax.si\/#website","url":"https:\/\/zerromax.si\/","name":"ZerroMax","description":"Proizvodimo objekte: Brzo, kvalitetno, prilagodljivo","potentialAction":[{"@type":"SearchAction","target":{"@type":"EntryPoint","urlTemplate":"https:\/\/zerromax.si\/?s={search_term_string}"},"query-input":{"@type":"PropertyValueSpecification","valueRequired":true,"valueName":"search_term_string"}}],"inLanguage":"hr"}]}},"_links":{"self":[{"href":"https:\/\/zerromax.si\/hr\/wp-json\/wp\/v2\/pages\/3","targetHints":{"allow":["GET"]}}],"collection":[{"href":"https:\/\/zerromax.si\/hr\/wp-json\/wp\/v2\/pages"}],"about":[{"href":"https:\/\/zerromax.si\/hr\/wp-json\/wp\/v2\/types\/page"}],"author":[{"embeddable":true,"href":"https:\/\/zerromax.si\/hr\/wp-json\/wp\/v2\/users\/1"}],"replies":[{"embeddable":true,"href":"https:\/\/zerromax.si\/hr\/wp-json\/wp\/v2\/comments?post=3"}],"version-history":[{"count":4,"href":"https:\/\/zerromax.si\/hr\/wp-json\/wp\/v2\/pages\/3\/revisions"}],"predecessor-version":[{"id":11646,"href":"https:\/\/zerromax.si\/hr\/wp-json\/wp\/v2\/pages\/3\/revisions\/11646"}],"wp:attachment":[{"href":"https:\/\/zerromax.si\/hr\/wp-json\/wp\/v2\/media?parent=3"}],"curies":[{"name":"wp","href":"https:\/\/api.w.org\/{rel}","templated":true}]}}