{"id":10263,"date":"2024-12-17T14:02:04","date_gmt":"2024-12-17T14:02:04","guid":{"rendered":"https:\/\/zerromax.si\/?post_type=product&#038;p=10263"},"modified":"2026-01-23T20:08:15","modified_gmt":"2026-01-23T20:08:15","slug":"minimax-10m2-2","status":"publish","type":"product","link":"https:\/\/zerromax.si\/hr\/product\/minimax-10m2-2\/","title":{"rendered":"MiniMax &#8211; 10m\u00b2"},"content":{"rendered":"<style>@media (min-width:769px){.isolation-image-margin-left{margin-left:200px;margin-bottom:10px!important}}<\/style>\n<div class=\"total-link-wrapper-single-product-desc\">\n<div class=\"link-wrapper-single-product-desc\"><a class=\"link-button-wrapper-desc\" href=\"#tlorisni-na\u010drt-desc-wrapper\">TLOCRT<\/a><a class=\"link-button-wrapper-desc\" href=\"#tehni\u010dni-opis-desc-wrapper\">TEHNI\u010cKI OPIS<\/a><a class=\"link-button-wrapper-desc\" href=\"#katalog-desc-wrapper\">KATALOG<\/a><\/div>\n<div class=\"content-wrapper-single-product-desc\">\n<div id=\"tlorisni-na\u010drt-desc-wrapper\" class=\"desc-wrapper\"><img decoding=\"async\" class=\"alignnone tab-content-image tab-content-image-last wp-image-10873\" src=\"https:\/\/zerromax.si\/wp-content\/uploads\/2025\/01\/Mini_10_wM2_white_V2.png\" alt=\"\" \/><\/div>\n<div id=\"tehni\u010dni-opis-desc-wrapper\" class=\"desc-wrapper\">\n<h3>TEHNI\u010cKI OPIS<\/h3>\n<div class=\"desc-item-flex\">\n<p><strong>KONSTRUKCIJA<\/strong><\/p>\n<div class=\"inside-flex-content\">Izra\u0111ena od certificiranih KVH profila, OSB konstrukcijskih plo\u010da, vezanih konstrukcijskih plo\u010da, izolacije. Mogu\u0107nost nadogradnje na konstrukciju od lakih metalnih profila.<\/div>\n<\/div>\n<div class=\"desc-item-flex\">\n<p><strong>ENERGETSKA U\u010cINKOVITOST<\/strong><\/p>\n<div class=\"inside-flex-content\">Minimalna debljina izolacije 100mm za objekte koji se koriste uglavnom u ljetnoj sezoni. Za zimsko-ljetne objekte preporu\u010dujemo minimalno 200mm izolacijskog sloja. Sa 200mm izolacijskog sloja posti\u017ee se energetska u\u010dinkovitost U-vrijednost: 0,174 W\/(m\u00b2K), za pasivne ku\u0107e (0,15 W\/(m\u00b2K)).<\/div>\n<\/div>\n<p><img fetchpriority=\"high\" decoding=\"async\" class=\"alignnone isolation-image-margin-left size-medium wp-image-9628\" src=\"https:\/\/zerromax.si\/wp-content\/uploads\/2025\/01\/Presjek-HR-i-BiH.png\" alt=\"\" width=\"600\" height=\"400\" \/><\/p>\n<div class=\"desc-item-flex desc-item-flex-last\">\n<div class=\"title-with-icon\"><strong>GARANCIJA<\/strong><img decoding=\"async\" class=\"title-with-icon-img\" src=\"https:\/\/zerromax.si\/wp-content\/uploads\/2025\/01\/protection.png\" \/><\/div>\n<div class=\"inside-flex-content\">\n<p>Garancijski period za vikend objekte:<\/p>\n<p>10-godi\u0161nja konstrukcijska garancija \u2013 za sve objekte koji su izra\u0111eni od drvenih konstrukcija (KVH profili).<\/p>\n<p>15-godi\u0161nja konstrukcijska garancija \u2013 za sve objekte koji su izra\u0111eni od drvenih konstrukcija (KVH profili) i podkonstrukcija od laganih metalnih profila Magnelis.<\/p>\n<p>30-godi\u0161nja konstrukcijska garancija \u2013 za sve objekte koji su izra\u0111eni od laganih metalnih konstrukcija Magnelis.<\/p>\n<\/div>\n<\/div>\n<\/div>\n<div id=\"katalog-desc-wrapper\" class=\"desc-wrapper\">\n<h3>KATALOG<\/h3>\n<div class=\"_3d-flip-book  fb3d-fullscreen-mode full-size\" data-id=\"11663\" data-mode=\"fullscreen\" data-title=\"false\" data-template=\"short-white-book-view\" data-lightbox=\"dark-shadow\" data-urlparam=\"fb3d-page\" data-page-n=\"0\" data-pdf=\"\" data-tax=\"null\" data-thumbnail=\"\" data-cols=\"3\" data-book-template=\"default\" data-trigger=\"\"><\/div><script type=\"text\/javascript\">window.FB3D_CLIENT_DATA = window.FB3D_CLIENT_DATA || [];FB3D_CLIENT_DATA.push('eyJwb3N0cyI6eyIxMTY2MyI6eyJJRCI6MTE2NjMsInRpdGxlIjoiTWluaU1heCAtIDEwbTIgLSBIUiIsInR5cGUiOiJwZGYiLCJyZWFkeV9mdW5jdGlvbiI6IiIsImJvb2tfc3R5bGUiOiJmbGF0IiwiYm9va190ZW1wbGF0ZSI6Im5vbmUiLCJvdXRsaW5lIjpbXSwiZGF0YSI6eyJwb3N0X0lEIjoiMTI1ODEiLCJndWlkIjoiaHR0cHM6XC9cL3plcnJvbWF4LnNpXC93cC1jb250ZW50XC91cGxvYWRzXC8yMDI1XC8wMVwvTWluaU1heC0xMC1QREYtSFIucGRmIiwicGRmX3BhZ2VzIjoiMTIiLCJwYWdlc19jdXN0b21pemF0aW9uIjoibm9uZSJ9LCJ0aHVtYm5haWwiOnsiZGF0YSI6eyJwb3N0X0lEIjoiMCJ9LCJ0eXBlIjoiYXV0byJ9LCJwcm9wcyI6eyJiYWNrZ3JvdW5kQ29sb3IiOiJhdXRvIiwiYmFja2dyb3VuZEltYWdlIjoiYXV0byIsImJhY2tncm91bmRTdHlsZSI6ImF1dG8iLCJoaWdobGlnaHRMaW5rcyI6ImF1dG8iLCJsaWdodGluZyI6ImF1dG8iLCJzaW5nbGVQYWdlTW9kZSI6ImF1dG8iLCJjYWNoZWRQYWdlcyI6ImF1dG8iLCJyZW5kZXJJbmFjdGl2ZVBhZ2VzIjoiYXV0byIsInJlbmRlckluYWN0aXZlUGFnZXNPbk1vYmlsZSI6ImF1dG8iLCJyZW5kZXJXaGlsZUZsaXBwaW5nIjoiYXV0byIsInByZWxvYWRQYWdlcyI6ImF1dG8iLCJhdXRvUGxheUR1cmF0aW9uIjoiYXV0byIsInJ0bCI6ImF1dG8iLCJpbnRlcmFjdGl2ZUNvcm5lcnMiOiJhdXRvIiwibWF4RGVwdGgiOiJhdXRvIiwic2hlZXQiOnsic3RhcnRWZWxvY2l0eSI6ImF1dG8iLCJ3YXZlIjoiYXV0byIsInNoYXBlIjoiYXV0byIsIndpZHRoVGV4ZWxzIjoiYXV0byIsImNvbG9yIjoiYXV0byIsInNpZGUiOiJhdXRvIiwic3RyZXRjaEltYWdlcyI6ImF1dG8iLCJjb3JuZXJEZXZpYXRpb24iOiJhdXRvIiwiZmxleGliaWxpdHkiOiJhdXRvIiwiZmxleGlibGVDb3JuZXIiOiJhdXRvIiwiYmVuZGluZyI6ImF1dG8iLCJoZWlnaHRUZXhlbHMiOiJhdXRvIn0sImNvdmVyIjp7IndhdmUiOiJhdXRvIiwiY29sb3IiOiJhdXRvIiwic2lkZSI6ImF1dG8iLCJzdHJldGNoSW1hZ2VzIjoiYXV0byIsImJpbmRlclRleHR1cmUiOiJhdXRvIiwiZGVwdGgiOiJhdXRvIiwicGFkZGluZyI6ImF1dG8iLCJzdGFydFZlbG9jaXR5IjoiYXV0byIsImZsZXhpYmlsaXR5IjoiYXV0byIsImZsZXhpYmxlQ29ybmVyIjoiYXV0byIsImJlbmRpbmciOiJhdXRvIiwid2lkdGhUZXhlbHMiOiJhdXRvIiwiaGVpZ2h0VGV4ZWxzIjoiYXV0byIsIm1hc3MiOiJhdXRvIiwic2hhcGUiOiJhdXRvIn0sInBhZ2UiOnsid2F2ZSI6ImF1dG8iLCJjb2xvciI6ImF1dG8iLCJzaWRlIjoiYXV0byIsInN0cmV0Y2hJbWFnZXMiOiJhdXRvIiwiZGVwdGgiOiJhdXRvIiwic3RhcnRWZWxvY2l0eSI6ImF1dG8iLCJmbGV4aWJpbGl0eSI6ImF1dG8iLCJmbGV4aWJsZUNvcm5lciI6ImF1dG8iLCJiZW5kaW5nIjoiYXV0byIsIndpZHRoVGV4ZWxzIjoiYXV0byIsImhlaWdodFRleGVscyI6ImF1dG8iLCJtYXNzIjoiYXV0byIsInNoYXBlIjoiYXV0byJ9LCJoZWlnaHQiOiJhdXRvIiwid2lkdGgiOiJhdXRvIiwiZ3Jhdml0eSI6ImF1dG8iLCJwYWdlc0ZvclByZWRpY3RpbmciOiJhdXRvIn0sImNvbnRyb2xQcm9wcyI6eyJhY3Rpb25zIjp7ImNtZFRvYyI6eyJlbmFibGVkIjoiYXV0byIsImVuYWJsZWRJbk5hcnJvdyI6ImF1dG8iLCJhY3RpdmUiOiJhdXRvIiwiZGVmYXVsdFRhYiI6ImF1dG8ifSwiY21kQXV0b1BsYXkiOnsiZW5hYmxlZCI6ImF1dG8iLCJlbmFibGVkSW5OYXJyb3ciOiJhdXRvIiwiYWN0aXZlIjoiYXV0byJ9LCJjbWRTYXZlIjp7ImVuYWJsZWQiOiJhdXRvIiwiZW5hYmxlZEluTmFycm93IjoiYXV0byJ9LCJjbWRQcmludCI6eyJlbmFibGVkIjoiYXV0byIsImVuYWJsZWRJbk5hcnJvdyI6ImF1dG8ifSwiY21kU2luZ2xlUGFnZSI6eyJlbmFibGVkIjoiYXV0byIsImVuYWJsZWRJbk5hcnJvdyI6ImF1dG8iLCJhY3RpdmUiOiJhdXRvIiwiYWN0aXZlRm9yTW9iaWxlIjoiYXV0byJ9LCJ3aWRUb29sYmFyIjp7ImVuYWJsZWQiOiJhdXRvIiwiZW5hYmxlZEluTmFycm93IjoiYXV0byJ9fX0sImF1dG9UaHVtYm5haWwiOiJodHRwczpcL1wvemVycm9tYXguc2lcL3dwLWNvbnRlbnRcL3VwbG9hZHNcLzNkLWZsaXAtYm9va1wvYXV0by10aHVtYm5haWxzXC8xMTY2My5wbmciLCJwb3N0X25hbWUiOiJtaW5pbWF4LTEwbTItaHIiLCJwb3N0X3R5cGUiOiIzZC1mbGlwLWJvb2sifX0sInBhZ2VzIjpbXSwiZmlyc3RQYWdlcyI6W119');window.FB3D_CLIENT_LOCALE && FB3D_CLIENT_LOCALE.render && FB3D_CLIENT_LOCALE.render();<\/script>\n<\/div>\n<\/div>\n<\/div>","protected":false},"excerpt":{"rendered":"<table class=\"table-ad\">\n<tbody>\n<tr class=\"tr-ad\">\n<th class=\"th-ad\" colspan=\"2\">INFORMACIJE O PROJEKTU<\/th>\n<\/tr>\n<tr class=\"tr-ad\">\n<th class=\"th-ad\">BRUTO POVR\u0160INA<\/th>\n<td class=\"td-ad\">10m2<\/td>\n<\/tr>\n<tr class=\"tr-ad\">\n<th class=\"th-ad\">TLOCRTNA POVR\u0160INA<\/th>\n<td class=\"td-ad\">10m2<\/td>\n<\/tr>\n<tr class=\"tr-ad\">\n<th class=\"th-ad\">\u0160IRINA OBJEKTA<\/th>\n<td class=\"td-ad\">2,5m<\/td>\n<\/tr>\n<tr class=\"tr-ad\">\n<th class=\"th-ad\">DULJINA OBJEKTA<\/th>\n<td class=\"td-ad\">4m<\/td>\n<\/tr>\n<tr class=\"tr-ad\">\n<th class=\"th-ad\">OMJER STRANICA<\/th>\n<td class=\"td-ad\">1:1,60<\/td>\n<\/tr>\n<tr class=\"tr-ad\">\n<th class=\"th-ad\">Visina objekta<\/th>\n<td class=\"td-ad\">3,60m<\/td>\n<\/tr>\n<tr class=\"tr-ad\">\n<th class=\"th-ad\">NAGIB KROVA<\/th>\n<td class=\"td-ad\">35\u00b0<\/td>\n<\/tr>\n<\/tbody>\n<\/table>\n<div class=\"signature-container\">\n<div class=\"signature-box\"><label for=\"offer-number\">Broj ponude:<\/label><br \/>\n<input id=\"offer-number\" name=\"offer-number\" type=\"text\" placeholder=\"Unesite broj ponude\" \/><\/div>\n<div class=\"signature-box\"><label for=\"customer-name\">Kupac:<\/label><br \/>\n<input id=\"customer-name\" name=\"customer-name\" type=\"text\" placeholder=\"Unesite ime i prezime\" \/><\/div>\n<div class=\"signature-box\"><label for=\"customer-address\">Adresa:<\/label><br \/>\n<input id=\"customer-address\" name=\"customer-address\" type=\"text\" placeholder=\"Unesite adresu\" \/><\/div>\n<div class=\"signature-box\"><label for=\"customer-country\">Dr\u017eava:<\/label><br \/>\n<input id=\"customer-country\" name=\"customer-country\" type=\"text\" placeholder=\"Unesite dr\u017eavu\" \/><\/div>\n<div class=\"signature-box\"><label for=\"customer-contact\">Kontakt:<\/label><br \/>\n<input id=\"customer-contact\" name=\"customer-contact\" type=\"text\" placeholder=\"Unesite kontakt\" \/><\/div>\n<\/div>\n<p><button class=\"print-button\">Print<\/button><\/p>\n<p><script>\n  function printPage() {\n    window.print(); \/\/ Otvoriti print dialog\n  }\n<\/script><\/p>\n<p><!-- Opis koji se koristi za proizvod - klasa .desc-to-move-ad mora biti roditelj sadrzaju --><\/p>\n<div class=\"desc-to-move-ad\">\n<h4 class=\"desc-to-move-ad-h4\">Cijena uklju\u010duje:<\/h4>\n<h5 class=\"desc-to-move-ad-h5\">Izradu potpuno funkcionalnog objekta, koji uklju\u010duje:<\/h5>\n<div class=\"desc-to-move-ad-ul\">\n<p class=\"desc-to-move-ad-li-p\">\u2022 Konstrukciju objekta, uklju\u010duju\u0107i pregradne zidove i krovnu konstrukciju<\/p>\n<p class=\"desc-to-move-ad-li-p\">\u2022 Toplotnu izolaciju konstrukcije objekta (100 mm)<\/p>\n<p class=\"desc-to-move-ad-li-p\">\u2022 Konstrukcijske obloge od OSB vlagootpornih konstrukcijskih plo\u010da<\/p>\n<p class=\"desc-to-move-ad-li-p\">\u2022 Paronepropusne i paropropusne folije<\/p>\n<p class=\"desc-to-move-ad-li-p\">\u2022 Elektroinstalaciju, uklju\u010duju\u0107i prekida\u010de, uti\u010dnice i rasvjetna tijela<\/p>\n<p class=\"desc-to-move-ad-li-p\">\u2022 Vodovodnu i kanalizacionu instalaciju<\/p>\n<p class=\"desc-to-move-ad-li-p\">\u2022 Prozore i vrata, uklju\u010duju\u0107i kvake<\/p>\n<p class=\"desc-to-move-ad-li-p\">\u2022 Vanjska PVC dvoslojna stolarija - bijela boja<\/p>\n<p class=\"desc-to-move-ad-li-p\">\u2022 Vanjsku panelnu fasadnu oblogu<\/p>\n<p class=\"desc-to-move-ad-li-p\">\u2022 Unutra\u0161nju zavr\u0161nu dekorativnu oblogu<\/p>\n<p class=\"desc-to-move-ad-li-p\">\u2022 Podnu i zidnu vodootpornu oblogu (kupatilo)<\/p>\n<p class=\"desc-to-move-ad-li-p\">\u2022 Podnu oblogu od vinila<\/p>\n<p class=\"desc-to-move-ad-li-p\">\u2022 Krov<\/p>\n<p class=\"desc-to-move-ad-li-p\">\u2022 Oluk<\/p>\n<\/div>\n<\/div>","protected":false},"featured_media":10410,"comment_status":"open","ping_status":"closed","template":"","meta":{"_acf_changed":false,"_monsterinsights_skip_tracking":false,"_monsterinsights_sitenote_active":false,"_monsterinsights_sitenote_note":"","_monsterinsights_sitenote_category":0},"product_cat":[72],"product_tag":[],"class_list":{"0":"post-10263","1":"product","2":"type-product","3":"status-publish","4":"has-post-thumbnail","6":"product_cat-wood-hise","8":"first","9":"instock","10":"featured","11":"shipping-taxable","12":"purchasable","13":"product-type-simple"},"exclude_global_add_ons":false,"addons":[{"name":"Mogu\u0107nost doplate","type":"checkbox","position":0,"required":false,"title_format":"label","description_enable":true,"description":"Za dodatne opcije i izra\u010dun cijene ozna\u010dite jedno ili vi\u0161e polja koja \u017eelite.","placeholder_enable":false,"placeholder":"","display":"select","restrictions_type":"any_text","adjust_price":false,"price":"","price_type":"flat_fee","restrictions":false,"min":0,"max":0,"options":[{"label":"default-0-value-dev","price":"","price_type":"flat_fee","image":0}],"id":1736500230},{"name":"Doplate za konstrukciju","type":"checkbox","position":1,"required":false,"title_format":"label","description_enable":false,"description":"","placeholder_enable":false,"placeholder":"","display":"select","restrictions_type":"any_text","adjust_price":false,"price":"","price_type":"flat_fee","restrictions":false,"min":0,"max":0,"options":[{"label":"default-0-value-dev","price":"","price_type":"flat_fee","image":0},{"label":"Za 100% metalno konstrukcijo \/ Magnelis","price":"1690","price_type":"flat_fee","image":0},{"label":"Nadstre\u0161nica","price":"590","price_type":"flat_fee","image":0},{"label":"Metalno podkonstrukcijo iz Magnelis lahkih metalnih profilov","price":"890","price_type":"flat_fee","image":0}],"id":1736500947},{"name":"Doplate za terasu","type":"checkbox","position":2,"required":false,"title_format":"label","description_enable":false,"description":"","placeholder_enable":false,"placeholder":"","display":"select","restrictions_type":"any_text","adjust_price":false,"price":"","price_type":"flat_fee","restrictions":false,"min":0,"max":0,"options":[{"label":"default-0-value-dev","price":"","price_type":"flat_fee","image":0},{"label":"Terasa z leseno oblogo (smreka)","price":"990","price_type":"flat_fee","image":0},{"label":"Terasa z leseno oblogo (wpc)","price":"1450","price_type":"flat_fee","image":0},{"label":"Terasa s leseno oblogo (tropski les)","price":"1850","price_type":"flat_fee","image":0}],"id":1736500948},{"name":"Doplate za izolaciju i fasadnu oblogu","type":"checkbox","position":3,"required":false,"title_format":"label","description_enable":false,"description":"","placeholder_enable":false,"placeholder":"","display":"select","restrictions_type":"any_text","adjust_price":false,"price":"","price_type":"flat_fee","restrictions":false,"min":0,"max":0,"options":[{"label":"default-0-value-dev","price":"","price_type":"flat_fee","image":0},{"label":"Dodatna izolacija 100mm EPS","price":"980","price_type":"flat_fee","image":0},{"label":"Fasadna obloga Macesen","price":"2950","price_type":"flat_fee","image":0},{"label":"Kontaktna fasada omet 1.5mm","price":"1990","price_type":"flat_fee","image":0}],"id":1736500949},{"name":"Doplate za unutarnje zidne obloge","type":"checkbox","position":4,"required":false,"title_format":"label","description_enable":false,"description":"","placeholder_enable":false,"placeholder":"","display":"select","restrictions_type":"any_text","adjust_price":false,"price":"","price_type":"flat_fee","restrictions":false,"min":0,"max":0,"options":[{"label":"default-0-value-dev","price":"","price_type":"flat_fee","image":0},{"label":"Stenska obloga iz mav\u010dnih plo\u0161\u010d z opleskom","price":"1490","price_type":"flat_fee","image":0}],"id":1736500950},{"name":"Doplate za stolariju:","type":"checkbox","position":5,"required":false,"title_format":"label","description_enable":false,"description":"","placeholder_enable":false,"placeholder":"","display":"select","restrictions_type":"any_text","adjust_price":false,"price":"","price_type":"flat_fee","restrictions":false,"min":0,"max":0,"options":[{"label":"default-0-value-dev","price":"","price_type":"flat_fee","image":0},{"label":"Zunanje PVC dvoslojno okno \u2013 antracitna barva","price":"490","price_type":"flat_fee","image":0},{"label":"Zunanje PVC troslojno okno \u2013 bela barva","price":"690","price_type":"flat_fee","image":0},{"label":"Zunanje PVC troslojno okno \u2013 antracitna barva","price":"980","price_type":"flat_fee","image":0}],"id":1760793269},{"name":"Doplate za opremu kupatila","type":"checkbox","position":6,"required":false,"title_format":"label","description_enable":false,"description":"","placeholder_enable":false,"placeholder":"","display":"select","restrictions_type":"any_text","adjust_price":false,"price":"","price_type":"flat_fee","restrictions":false,"min":0,"max":0,"options":[{"label":"default-0-value-dev","price":"","price_type":"flat_fee","image":0},{"label":"Basic \u2013 umivalnik z omarico, wc, tu\u0161 kabina","price":"990","price_type":"flat_fee","image":0},{"label":"Premium \u2013 umivalnik z omarico, wc, walk in tu\u0161","price":"1890","price_type":"flat_fee","image":0}],"id":1736500952},{"name":"Doplate za grijanje","type":"checkbox","position":7,"required":false,"title_format":"label","description_enable":false,"description":"","placeholder_enable":false,"placeholder":"","display":"select","restrictions_type":"any_text","adjust_price":false,"price":"","price_type":"flat_fee","restrictions":false,"min":0,"max":0,"options":[{"label":"default-0-value-dev","price":"","price_type":"flat_fee","image":0},{"label":"Klimatska naprava 2,6-3,5 kw","price":"990","price_type":"flat_fee","image":0},{"label":"Ogrevanje s IR paneli","price":"1190","price_type":"flat_fee","image":0},{"label":"Ogrevanje s elektro talnim ogrevanjem","price":"1290","price_type":"flat_fee","image":0},{"label":"Priprava za dimnik","price":"990","price_type":"flat_fee","image":0},{"label":"Dobava in Monta\u017ea dimnika inox","price":"1290","price_type":"flat_fee","image":0}],"id":1736500953},{"name":"Prikazane cijene su bez PDV-a, dok cijena dostave i monta\u017ee ovisi o lokaciji.","type":"heading","position":8,"required":false,"title_format":"label","description_enable":false,"description":"","placeholder_enable":false,"placeholder":"","display":"select","restrictions_type":"any_text","adjust_price":false,"price":"","price_type":"flat_fee","restrictions":false,"min":0,"max":0,"options":[],"id":1736500954},{"name":"Dostava i monta\u017ea","type":"custom_price","position":9,"required":false,"title_format":"label","description_enable":false,"description":"","placeholder_enable":false,"placeholder":"","display":"select","restrictions_type":"any_text","adjust_price":false,"price":"","price_type":"quantity_based","restrictions":false,"min":0,"max":0,"options":[],"id":1738229512},{"name":"Dodatne stavke","type":"custom_text","position":10,"required":false,"title_format":"label","description_enable":false,"description":"","placeholder_enable":true,"placeholder":"Dolo\u010dite dodatne elemente","display":"select","restrictions_type":"any_text","adjust_price":false,"price":"","price_type":"flat_fee","restrictions":false,"min":0,"max":0,"options":[],"id":1741943414},{"name":"Dodatne stavke","type":"custom_price","position":11,"required":false,"title_format":"label","description_enable":false,"description":"","placeholder_enable":false,"placeholder":"","display":"select","restrictions_type":"any_text","adjust_price":false,"price":"","price_type":"quantity_based","restrictions":false,"min":0,"max":0,"options":[],"id":1741943433}],"acf":[],"yoast_head":"<!-- This site is optimized with the Yoast SEO Premium plugin v24.2 (Yoast SEO v27.0) - https:\/\/yoast.com\/product\/yoast-seo-premium-wordpress\/ -->\n<title>MiniMax - 10m\u00b2 - ZerroMax<\/title>\n<meta name=\"robots\" content=\"index, follow, max-snippet:-1, max-image-preview:large, max-video-preview:-1\" \/>\n<link rel=\"canonical\" href=\"https:\/\/zerromax.si\/hr\/product\/minimax-10m2-2\/\" \/>\n<meta property=\"og:locale\" content=\"hr_HR\" \/>\n<meta property=\"og:type\" content=\"article\" \/>\n<meta property=\"og:title\" content=\"MiniMax - 10m\u00b2\" \/>\n<meta property=\"og:description\" content=\"INFORMACIJE O PROJEKTU   BRUTO POVR\u0160INA 10m2   TLORISNA POVR\u0160INA 10m2   \u0160IRINA OBJEKTA 2,5m   DOL\u017dINA OBJEKTA 4m   RAZMJERE STRANIC 1:1,60   VI\u0160INA OBJEKTA 3,60m   NAKLON STREHE 35\u00b0     \u0160tevilka ponudbe:  Kupec:  Naslov:  Dr\u017eava:  Kontakt:   Tiskanje      Cena vklju\u010duje: Izdelavo popolnoma funkcionalnega objekta, ki vklju\u010duje:  \u2022 Konstrukcijo objekta vklju\u010dno s predelnimi stenami in ostre\u0161jem \u2022 Toplotno izolacijo konstrukcije objekta (100mm) \u2022 Konstrukcijske obloge iz OSB vlagoodpornih konstrukcijskih plo\u0161\u010d \u2022 Paro zaporne in paro propustne folije \u2022 Elektro instalacijo vklju\u010dno s stikali, vti\u010dnicami in svetili \u2022 Vodovodno in kanalizacijsko instalacijo \u2022 Okna in vrata, vklju\u010dno s kljukami \u2022 Zunanje PVC dvoslojno pohi\u0161tvo \u2013 bela barva \u2022 Zunanjo panelno fasadno oblogo \u2022 Notranjo zaklju\u010dno decor oblogo \u2022 Talno in stensko vodoodporno oblogo (kopalnica) \u2022 Talno oblogo vinil \u2022 Stre\u0161no kritino \u2022 \u017dleb\" \/>\n<meta property=\"og:url\" content=\"https:\/\/zerromax.si\/hr\/product\/minimax-10m2-2\/\" \/>\n<meta property=\"og:site_name\" content=\"ZerroMax\" \/>\n<meta property=\"article:modified_time\" content=\"2026-01-23T20:08:15+00:00\" \/>\n<meta property=\"og:image\" content=\"https:\/\/zerromax.si\/wp-content\/uploads\/2024\/12\/MiniMax-10m2-thumb-A-roof.png\" \/>\n\t<meta property=\"og:image:width\" content=\"1000\" \/>\n\t<meta property=\"og:image:height\" content=\"664\" \/>\n\t<meta property=\"og:image:type\" content=\"image\/png\" \/>\n<meta name=\"twitter:card\" content=\"summary_large_image\" \/>\n<meta name=\"twitter:label1\" content=\"Procijenjeno vrijeme \u010ditanja\" \/>\n\t<meta name=\"twitter:data1\" content=\"2 minute\" \/>\n<script type=\"application\/ld+json\" class=\"yoast-schema-graph\">{\"@context\":\"https:\/\/schema.org\",\"@graph\":[{\"@type\":\"WebPage\",\"@id\":\"https:\/\/zerromax.si\/product\/minimax-10m2-2\/\",\"url\":\"https:\/\/zerromax.si\/product\/minimax-10m2-2\/\",\"name\":\"MiniMax - 10m\u00b2 - ZerroMax\",\"isPartOf\":{\"@id\":\"https:\/\/zerromax.si\/#website\"},\"primaryImageOfPage\":{\"@id\":\"https:\/\/zerromax.si\/product\/minimax-10m2-2\/#primaryimage\"},\"image\":{\"@id\":\"https:\/\/zerromax.si\/product\/minimax-10m2-2\/#primaryimage\"},\"thumbnailUrl\":\"https:\/\/zerromax.si\/wp-content\/uploads\/2024\/12\/MiniMax-10m2-thumb-A-roof.png\",\"datePublished\":\"2024-12-17T14:02:04+00:00\",\"dateModified\":\"2026-01-23T20:08:15+00:00\",\"breadcrumb\":{\"@id\":\"https:\/\/zerromax.si\/product\/minimax-10m2-2\/#breadcrumb\"},\"inLanguage\":\"hr\",\"potentialAction\":[{\"@type\":\"ReadAction\",\"target\":[\"https:\/\/zerromax.si\/product\/minimax-10m2-2\/\"]}]},{\"@type\":\"ImageObject\",\"inLanguage\":\"hr\",\"@id\":\"https:\/\/zerromax.si\/product\/minimax-10m2-2\/#primaryimage\",\"url\":\"https:\/\/zerromax.si\/wp-content\/uploads\/2024\/12\/MiniMax-10m2-thumb-A-roof.png\",\"contentUrl\":\"https:\/\/zerromax.si\/wp-content\/uploads\/2024\/12\/MiniMax-10m2-thumb-A-roof.png\",\"width\":1000,\"height\":664},{\"@type\":\"BreadcrumbList\",\"@id\":\"https:\/\/zerromax.si\/product\/minimax-10m2-2\/#breadcrumb\",\"itemListElement\":[{\"@type\":\"ListItem\",\"position\":1,\"name\":\"Home\",\"item\":\"https:\/\/zerromax.si\/\"},{\"@type\":\"ListItem\",\"position\":2,\"name\":\"Izdelki\",\"item\":\"https:\/\/zerromax.si\/shop-2__trashed\/\"},{\"@type\":\"ListItem\",\"position\":3,\"name\":\"MiniMax &#8211; 10m\u00b2\"}]},{\"@type\":\"WebSite\",\"@id\":\"https:\/\/zerromax.si\/#website\",\"url\":\"https:\/\/zerromax.si\/\",\"name\":\"ZerroMax\",\"description\":\"Proizvajamo objekte: Hitro, kakovostno, prilagodljivo\",\"potentialAction\":[{\"@type\":\"SearchAction\",\"target\":{\"@type\":\"EntryPoint\",\"urlTemplate\":\"https:\/\/zerromax.si\/?s={search_term_string}\"},\"query-input\":{\"@type\":\"PropertyValueSpecification\",\"valueRequired\":true,\"valueName\":\"search_term_string\"}}],\"inLanguage\":\"hr\"}]}<\/script>\n<!-- \/ Yoast SEO Premium plugin. -->","yoast_head_json":{"title":"MiniMax - 10m\u00b2 - ZerroMax","robots":{"index":"index","follow":"follow","max-snippet":"max-snippet:-1","max-image-preview":"max-image-preview:large","max-video-preview":"max-video-preview:-1"},"canonical":"https:\/\/zerromax.si\/hr\/product\/minimax-10m2-2\/","og_locale":"hr_HR","og_type":"article","og_title":"MiniMax - 10m\u00b2","og_description":"INFORMACIJE O PROJEKTU   BRUTO POVR\u0160INA 10m2   TLORISNA POVR\u0160INA 10m2   \u0160IRINA OBJEKTA 2,5m   DOL\u017dINA OBJEKTA 4m   RAZMJERE STRANIC 1:1,60   VI\u0160INA OBJEKTA 3,60m   NAKLON STREHE 35\u00b0     \u0160tevilka ponudbe:  Kupec:  Naslov:  Dr\u017eava:  Kontakt:   Tiskanje      Cena vklju\u010duje: Izdelavo popolnoma funkcionalnega objekta, ki vklju\u010duje:  \u2022 Konstrukcijo objekta vklju\u010dno s predelnimi stenami in ostre\u0161jem \u2022 Toplotno izolacijo konstrukcije objekta (100mm) \u2022 Konstrukcijske obloge iz OSB vlagoodpornih konstrukcijskih plo\u0161\u010d \u2022 Paro zaporne in paro propustne folije \u2022 Elektro instalacijo vklju\u010dno s stikali, vti\u010dnicami in svetili \u2022 Vodovodno in kanalizacijsko instalacijo \u2022 Okna in vrata, vklju\u010dno s kljukami \u2022 Zunanje PVC dvoslojno pohi\u0161tvo \u2013 bela barva \u2022 Zunanjo panelno fasadno oblogo \u2022 Notranjo zaklju\u010dno decor oblogo \u2022 Talno in stensko vodoodporno oblogo (kopalnica) \u2022 Talno oblogo vinil \u2022 Stre\u0161no kritino \u2022 \u017dleb","og_url":"https:\/\/zerromax.si\/hr\/product\/minimax-10m2-2\/","og_site_name":"ZerroMax","article_modified_time":"2026-01-23T20:08:15+00:00","og_image":[{"width":1000,"height":664,"url":"https:\/\/zerromax.si\/wp-content\/uploads\/2024\/12\/MiniMax-10m2-thumb-A-roof.png","type":"image\/png"}],"twitter_card":"summary_large_image","twitter_misc":{"Procijenjeno vrijeme \u010ditanja":"2 minute"},"schema":{"@context":"https:\/\/schema.org","@graph":[{"@type":"WebPage","@id":"https:\/\/zerromax.si\/product\/minimax-10m2-2\/","url":"https:\/\/zerromax.si\/product\/minimax-10m2-2\/","name":"MiniMax - 10m\u00b2 - ZerroMax","isPartOf":{"@id":"https:\/\/zerromax.si\/#website"},"primaryImageOfPage":{"@id":"https:\/\/zerromax.si\/product\/minimax-10m2-2\/#primaryimage"},"image":{"@id":"https:\/\/zerromax.si\/product\/minimax-10m2-2\/#primaryimage"},"thumbnailUrl":"https:\/\/zerromax.si\/wp-content\/uploads\/2024\/12\/MiniMax-10m2-thumb-A-roof.png","datePublished":"2024-12-17T14:02:04+00:00","dateModified":"2026-01-23T20:08:15+00:00","breadcrumb":{"@id":"https:\/\/zerromax.si\/product\/minimax-10m2-2\/#breadcrumb"},"inLanguage":"hr","potentialAction":[{"@type":"ReadAction","target":["https:\/\/zerromax.si\/product\/minimax-10m2-2\/"]}]},{"@type":"ImageObject","inLanguage":"hr","@id":"https:\/\/zerromax.si\/product\/minimax-10m2-2\/#primaryimage","url":"https:\/\/zerromax.si\/wp-content\/uploads\/2024\/12\/MiniMax-10m2-thumb-A-roof.png","contentUrl":"https:\/\/zerromax.si\/wp-content\/uploads\/2024\/12\/MiniMax-10m2-thumb-A-roof.png","width":1000,"height":664},{"@type":"BreadcrumbList","@id":"https:\/\/zerromax.si\/product\/minimax-10m2-2\/#breadcrumb","itemListElement":[{"@type":"ListItem","position":1,"name":"Home","item":"https:\/\/zerromax.si\/"},{"@type":"ListItem","position":2,"name":"Izdelki","item":"https:\/\/zerromax.si\/shop-2__trashed\/"},{"@type":"ListItem","position":3,"name":"MiniMax &#8211; 10m\u00b2"}]},{"@type":"WebSite","@id":"https:\/\/zerromax.si\/#website","url":"https:\/\/zerromax.si\/","name":"ZerroMax","description":"Proizvodimo objekte: Brzo, kvalitetno, prilagodljivo","potentialAction":[{"@type":"SearchAction","target":{"@type":"EntryPoint","urlTemplate":"https:\/\/zerromax.si\/?s={search_term_string}"},"query-input":{"@type":"PropertyValueSpecification","valueRequired":true,"valueName":"search_term_string"}}],"inLanguage":"hr"}]}},"_links":{"self":[{"href":"https:\/\/zerromax.si\/hr\/wp-json\/wp\/v2\/product\/10263","targetHints":{"allow":["GET"]}}],"collection":[{"href":"https:\/\/zerromax.si\/hr\/wp-json\/wp\/v2\/product"}],"about":[{"href":"https:\/\/zerromax.si\/hr\/wp-json\/wp\/v2\/types\/product"}],"replies":[{"embeddable":true,"href":"https:\/\/zerromax.si\/hr\/wp-json\/wp\/v2\/comments?post=10263"}],"wp:featuredmedia":[{"embeddable":true,"href":"https:\/\/zerromax.si\/hr\/wp-json\/wp\/v2\/media\/10410"}],"wp:attachment":[{"href":"https:\/\/zerromax.si\/hr\/wp-json\/wp\/v2\/media?parent=10263"}],"wp:term":[{"taxonomy":"product_cat","embeddable":true,"href":"https:\/\/zerromax.si\/hr\/wp-json\/wp\/v2\/product_cat?post=10263"},{"taxonomy":"product_tag","embeddable":true,"href":"https:\/\/zerromax.si\/hr\/wp-json\/wp\/v2\/product_tag?post=10263"}],"curies":[{"name":"wp","href":"https:\/\/api.w.org\/{rel}","templated":true}]}}